{"id":4687,"date":"2026-03-07T21:15:03","date_gmt":"2026-03-07T20:15:03","guid":{"rendered":"https:\/\/aditech.staging1.net\/?page_id=4687"},"modified":"2026-03-16T19:05:32","modified_gmt":"2026-03-16T18:05:32","slug":"stadtinformationssysteme","status":"publish","type":"page","link":"https:\/\/aditech.staging1.net\/fr\/produkte\/stadtinformationssysteme\/","title":{"rendered":"Syst\u00e8mes d'information urbains"},"content":{"rendered":"<div data-elementor-type=\"wp-page\" data-elementor-id=\"4687\" class=\"elementor elementor-4687\" data-elementor-post-type=\"page\">\n\t\t\t\t<section class=\"elementor-element elementor-element-60fb446 e-con-full e-flex e-con e-parent\" data-id=\"60fb446\" data-element_type=\"container\" data-e-type=\"container\">\n\t\t\t\t<div class=\"elementor-element elementor-element-8e20045 elementor-widget elementor-widget-shortcode\" data-id=\"8e20045\" data-element_type=\"widget\" data-e-type=\"widget\" data-widget_type=\"shortcode.default\">\n\t\t\t\t\t\t\t<div class=\"elementor-shortcode\">\t\t<div data-elementor-type=\"container\" data-elementor-id=\"3989\" class=\"elementor elementor-3989\" data-elementor-post-type=\"elementor_library\">\n\t\t\t\t<div class=\"elementor-element elementor-element-2a5d7fcb section-i e-flex e-con-boxed e-con e-parent\" data-id=\"2a5d7fcb\" data-element_type=\"container\" data-e-type=\"container\" data-settings=\"{&quot;background_background&quot;:&quot;classic&quot;}\">\n\t\t\t\t\t<div class=\"e-con-inner\">\n\t\t\t\t<div class=\"elementor-element elementor-element-46fae91f h2 elementor-widget elementor-widget-heading\" data-id=\"46fae91f\" data-element_type=\"widget\" data-e-type=\"widget\" data-widget_type=\"heading.default\">\n\t\t\t\t\t<h1 class=\"elementor-heading-title elementor-size-default\">Stadtinformations&shy;systeme<\/h1>\t\t\t\t<\/div>\n\t\t\t\t\t<\/div>\n\t\t\t\t<\/div>\n\t\t\t\t<\/div>\n\t\t<\/div>\n\t\t\t\t\t\t<\/div>\n\t\t\t\t<\/section>\n\t\t<section class=\"elementor-element elementor-element-92ae70f section-m e-flex e-con-boxed e-con e-parent\" data-id=\"92ae70f\" data-element_type=\"container\" data-e-type=\"container\">\n\t\t\t\t\t<div class=\"e-con-inner\">\n\t\t<div class=\"elementor-element elementor-element-586323b e-con-full e-flex e-con e-child\" data-id=\"586323b\" data-element_type=\"container\" data-e-type=\"container\">\n\t\t\t\t<div class=\"elementor-element elementor-element-3a9b028 hyphens-auto h3 elementor-widget elementor-widget-heading\" data-id=\"3a9b028\" data-element_type=\"widget\" data-e-type=\"widget\" data-widget_type=\"heading.default\">\n\t\t\t\t\t<h2 class=\"elementor-heading-title elementor-size-default\">Moderne LED-Vollmatrixanzeigen f\u00fcr intelligente Stadtkommunikation<\/h2>\t\t\t\t<\/div>\n\t\t\t\t<\/div>\n\t\t<div class=\"elementor-element elementor-element-fd4aa59 e-grid e-con-full e-con e-child\" data-id=\"fd4aa59\" data-element_type=\"container\" data-e-type=\"container\">\n\t\t\t\t<div class=\"elementor-element elementor-element-92cd89a elementor-widget elementor-widget-text-editor\" data-id=\"92cd89a\" data-element_type=\"widget\" data-e-type=\"widget\" data-widget_type=\"text-editor.default\">\n\t\t\t\t\t\t\t\t\t<p>In immer mehr St\u00e4dten pr\u00e4gen sie das Stra\u00dfenbild: moderne LED- Vollmatrixanzeigen f\u00fcr aktuelle Informationen direkt am Stra\u00dfenrand. Sie informieren Einheimische und Besucher in Echtzeit &#8211; an gro\u00dfen Einfallstra\u00dfen in die Innenstadt, an Zufahrten zu Stadien oder Messegel\u00e4nden sowie an zentralen Verkehrsknotenpunkten.<\/p><p>Unsere LED-Matrixsysteme sind frei programmierbar, vollfarbig und individuell anpassbar. Je nach Bedarf informieren sie \u00fcber die aktuelle Verkehrssituation oder Parkraumauslastung, unterst\u00fctzen die<\/p>\t\t\t\t\t\t\t\t<\/div>\n\t\t\t\t<div class=\"elementor-element elementor-element-2568e2a elementor-widget elementor-widget-text-editor\" data-id=\"2568e2a\" data-element_type=\"widget\" data-e-type=\"widget\" data-widget_type=\"text-editor.default\">\n\t\t\t\t\t\t\t\t\t<p>Verkehrslenkung bei Veranstaltungen, warnen vor St\u00f6rungen und liefern erg\u00e4nzende Informationen wie Wetterdaten oder Veranstaltungshinweise.<\/p><p>Mit hoher Zuverl\u00e4ssigkeit, Energieeffizienz und hervorragenden Lesbarkeit unter allen Witterungsbedingungen tragen unsere Anzeigen ma\u00dfgeblich zu einem sicheren und effizienten Verkehrsfluss bei.<\/p>\t\t\t\t\t\t\t\t<\/div>\n\t\t\t\t<\/div>\n\t\t\t\t\t<\/div>\n\t\t\t\t<\/section>\n\t\t<section class=\"elementor-element elementor-element-5cffeba5 e-flex e-con-boxed e-con e-parent\" data-id=\"5cffeba5\" data-element_type=\"container\" data-e-type=\"container\" data-settings=\"{&quot;background_background&quot;:&quot;classic&quot;}\">\n\t\t\t\t\t<div class=\"e-con-inner\">\n\t\t\t\t<div class=\"elementor-element elementor-element-65841107 elementor-widget elementor-widget-heading\" data-id=\"65841107\" data-element_type=\"widget\" data-e-type=\"widget\" data-widget_type=\"heading.default\">\n\t\t\t\t\t<h2 class=\"elementor-heading-title elementor-size-default\">Smarte L\u00f6sungen<\/h2>\t\t\t\t<\/div>\n\t\t\t\t\t<\/div>\n\t\t\t\t<\/section>\n\t\t<section class=\"elementor-element elementor-element-b50552b e-grid e-con-boxed e-con e-parent\" data-id=\"b50552b\" data-element_type=\"container\" data-e-type=\"container\" data-settings=\"{&quot;background_background&quot;:&quot;gradient&quot;}\">\n\t\t\t\t\t<div class=\"e-con-inner\">\n\t\t<div class=\"elementor-element elementor-element-64b1532 e-con-full e-flex e-con e-child\" data-id=\"64b1532\" data-element_type=\"container\" data-e-type=\"container\">\n\t\t\t\t<div class=\"elementor-element elementor-element-001482e img-fade-left  elementor-widget elementor-widget-image\" data-id=\"001482e\" data-element_type=\"widget\" data-e-type=\"widget\" data-widget_type=\"image.default\">\n\t\t\t\t\t\t\t\t\t\t\t\t\t\t\t<img fetchpriority=\"high\" decoding=\"async\" width=\"1024\" height=\"655\" src=\"https:\/\/aditech.staging1.net\/wp-content\/uploads\/2026\/03\/Technik-2-1024x655.webp\" class=\"attachment-medium size-medium wp-image-4693\" alt=\"\" srcset=\"https:\/\/aditech.staging1.net\/wp-content\/uploads\/2026\/03\/Technik-2-1024x655.webp 1024w, https:\/\/aditech.staging1.net\/wp-content\/uploads\/2026\/03\/Technik-2-1920x1229.webp 1920w, https:\/\/aditech.staging1.net\/wp-content\/uploads\/2026\/03\/Technik-2-768x491.webp 768w, https:\/\/aditech.staging1.net\/wp-content\/uploads\/2026\/03\/Technik-2-1536x983.webp 1536w, https:\/\/aditech.staging1.net\/wp-content\/uploads\/2026\/03\/Technik-2-2048x1310.webp 2048w\" sizes=\"(max-width: 1024px) 100vw, 1024px\" \/>\t\t\t\t\t\t\t\t\t\t\t\t\t\t\t<\/div>\n\t\t\t\t<div class=\"elementor-element elementor-element-76cd570 img-fade-left  elementor-widget elementor-widget-image\" data-id=\"76cd570\" data-element_type=\"widget\" data-e-type=\"widget\" data-widget_type=\"image.default\">\n\t\t\t\t\t\t\t\t\t\t\t\t\t\t\t<img decoding=\"async\" width=\"1024\" height=\"655\" src=\"https:\/\/aditech.staging1.net\/wp-content\/uploads\/2026\/03\/Technik-22-1024x655.webp\" class=\"attachment-medium size-medium wp-image-4694\" alt=\"\" srcset=\"https:\/\/aditech.staging1.net\/wp-content\/uploads\/2026\/03\/Technik-22-1024x655.webp 1024w, https:\/\/aditech.staging1.net\/wp-content\/uploads\/2026\/03\/Technik-22-1920x1229.webp 1920w, https:\/\/aditech.staging1.net\/wp-content\/uploads\/2026\/03\/Technik-22-768x491.webp 768w, https:\/\/aditech.staging1.net\/wp-content\/uploads\/2026\/03\/Technik-22-1536x983.webp 1536w, https:\/\/aditech.staging1.net\/wp-content\/uploads\/2026\/03\/Technik-22-2048x1310.webp 2048w\" sizes=\"(max-width: 1024px) 100vw, 1024px\" \/>\t\t\t\t\t\t\t\t\t\t\t\t\t\t\t<\/div>\n\t\t\t\t<\/div>\n\t\t<div class=\"elementor-element elementor-element-8e686bc e-con-full section-xs e-flex e-con e-child\" data-id=\"8e686bc\" data-element_type=\"container\" data-e-type=\"container\" data-settings=\"{&quot;background_background&quot;:&quot;gradient&quot;}\">\n\t\t\t\t<div class=\"elementor-element elementor-element-9f2d0b2 h4 elementor-widget elementor-widget-heading\" data-id=\"9f2d0b2\" data-element_type=\"widget\" data-e-type=\"widget\" data-widget_type=\"heading.default\">\n\t\t\t\t\t<h3 class=\"elementor-heading-title elementor-size-default\">LED-Anzeigen<\/h3>\t\t\t\t<\/div>\n\t\t\t\t<div class=\"elementor-element elementor-element-e8490c1 elementor-widget-divider--view-line elementor-widget elementor-widget-divider\" data-id=\"e8490c1\" data-element_type=\"widget\" data-e-type=\"widget\" data-widget_type=\"divider.default\">\n\t\t\t\t\t\t\t<div class=\"elementor-divider\">\n\t\t\t<span class=\"elementor-divider-separator\">\n\t\t\t\t\t\t<\/span>\n\t\t<\/div>\n\t\t\t\t\t\t<\/div>\n\t\t\t\t<div class=\"elementor-element elementor-element-b77db4c text-s adt-list-simple elementor-widget elementor-widget-text-editor\" data-id=\"b77db4c\" data-element_type=\"widget\" data-e-type=\"widget\" data-widget_type=\"text-editor.default\">\n\t\t\t\t\t\t\t\t\t<ul><li>RGB-LED Vollmatrix-Anzeigen<\/li><li>Kundenspezifische Aufl\u00f6sungen und Modulgr\u00f6\u00dfen m\u00f6glich<\/li><li>Pitch 2,6 bis 10mm<\/li><li>Helligkeit bis 10.000cd\/m2<\/li><li>Als Einbau\/Erg\u00e4nzung f\u00fcr statische Schilder<\/li><li>Als Video Wall oder komplettes Geh\u00e4use mit Frontklappe<\/li><li>IP 66 (Video-Wall) \/ IP56 (Geh\u00e4use)<\/li><li>Dot-Error-Detection verf\u00fcgbar<\/li><li>Ansteuerung verf\u00fcgbar<\/li><\/ul>\t\t\t\t\t\t\t\t<\/div>\n\t\t\t\t<\/div>\n\t\t\t\t\t<\/div>\n\t\t\t\t<\/section>\n\t\t<section class=\"elementor-element elementor-element-5417a90 e-con-full px-0 e-flex e-con e-parent\" data-id=\"5417a90\" data-element_type=\"container\" data-e-type=\"container\" data-settings=\"{&quot;background_background&quot;:&quot;classic&quot;}\">\n\t\t<div class=\"elementor-element elementor-element-e430474 e-grid e-con-full section-i e-con e-child\" data-id=\"e430474\" data-element_type=\"container\" data-e-type=\"container\" data-settings=\"{&quot;background_background&quot;:&quot;classic&quot;}\">\n\t\t<div class=\"elementor-element elementor-element-667b0b1 elementor-hidden-mobile e-flex e-con-boxed e-con e-child\" data-id=\"667b0b1\" data-element_type=\"container\" data-e-type=\"container\" data-settings=\"{&quot;background_background&quot;:&quot;classic&quot;}\">\n\t\t\t\t\t<div class=\"e-con-inner\">\n\t\t\t\t\t<\/div>\n\t\t\t\t<\/div>\n\t\t<div class=\"elementor-element elementor-element-2d937a7 e-flex e-con-boxed e-con e-child\" data-id=\"2d937a7\" data-element_type=\"container\" data-e-type=\"container\">\n\t\t\t\t\t<div class=\"e-con-inner\">\n\t\t\t\t<div class=\"elementor-element elementor-element-290c423 h4 elementor-widget elementor-widget-heading\" data-id=\"290c423\" data-element_type=\"widget\" data-e-type=\"widget\" data-widget_type=\"heading.default\">\n\t\t\t\t\t<h2 class=\"elementor-heading-title elementor-size-default\">Anwendungen f\u00fcr Stadt-Informations&shy;systeme<\/h2>\t\t\t\t<\/div>\n\t\t\t\t\t<\/div>\n\t\t\t\t<\/div>\n\t\t<div class=\"elementor-element elementor-element-321f9bf e-con-full e-flex e-con e-child\" data-id=\"321f9bf\" data-element_type=\"container\" data-e-type=\"container\">\n\t\t<div class=\"elementor-element elementor-element-762eb74 e-con-full e-flex e-con e-child\" data-id=\"762eb74\" data-element_type=\"container\" data-e-type=\"container\">\n\t\t\t\t<div class=\"elementor-element elementor-element-ca499e6 adt-slider e-transform elementor-arrows-position-inside elementor-widget elementor-widget-image-carousel\" data-id=\"ca499e6\" data-element_type=\"widget\" data-e-type=\"widget\" data-settings=\"{&quot;slides_to_show&quot;:&quot;4&quot;,&quot;navigation&quot;:&quot;arrows&quot;,&quot;image_spacing_custom&quot;:{&quot;unit&quot;:&quot;px&quot;,&quot;size&quot;:16,&quot;sizes&quot;:[]},&quot;slides_to_show_laptop&quot;:&quot;3&quot;,&quot;_transform_scale_effect&quot;:{&quot;unit&quot;:&quot;px&quot;,&quot;size&quot;:1.12000000000000010658141036401502788066864013671875,&quot;sizes&quot;:[]},&quot;_transform_scale_effect_laptop&quot;:{&quot;unit&quot;:&quot;px&quot;,&quot;size&quot;:1.100000000000000088817841970012523233890533447265625,&quot;sizes&quot;:[]},&quot;slides_to_show_tablet&quot;:&quot;3&quot;,&quot;slides_to_show_mobile&quot;:&quot;2&quot;,&quot;_transform_scale_effect_tablet&quot;:{&quot;unit&quot;:&quot;px&quot;,&quot;size&quot;:1.3000000000000000444089209850062616169452667236328125,&quot;sizes&quot;:[]},&quot;infinite&quot;:&quot;yes&quot;,&quot;speed&quot;:500,&quot;image_spacing_custom_laptop&quot;:{&quot;unit&quot;:&quot;px&quot;,&quot;size&quot;:&quot;&quot;,&quot;sizes&quot;:[]},&quot;image_spacing_custom_tablet&quot;:{&quot;unit&quot;:&quot;px&quot;,&quot;size&quot;:&quot;&quot;,&quot;sizes&quot;:[]},&quot;image_spacing_custom_mobile&quot;:{&quot;unit&quot;:&quot;px&quot;,&quot;size&quot;:&quot;&quot;,&quot;sizes&quot;:[]},&quot;_transform_scale_effect_mobile&quot;:{&quot;unit&quot;:&quot;px&quot;,&quot;size&quot;:&quot;&quot;,&quot;sizes&quot;:[]}}\" data-widget_type=\"image-carousel.default\">\n\t\t\t\t\t\t\t<div class=\"elementor-image-carousel-wrapper swiper\" role=\"region\" aria-roledescription=\"carousel\" aria-label=\"Carrousel d&#039;images\" dir=\"ltr\">\n\t\t\t<div class=\"elementor-image-carousel swiper-wrapper swiper-image-stretch\" aria-live=\"polite\">\n\t\t\t\t\t\t\t\t<div class=\"swiper-slide\" role=\"group\" aria-roledescription=\"slide\" aria-label=\"1 von 4\"><a data-elementor-open-lightbox=\"yes\" data-elementor-lightbox-slideshow=\"ca499e6\" data-e-action-hash=\"#elementor-action%3Aaction%3Dlightbox%26settings%3DeyJpZCI6NDY5OSwidXJsIjoiaHR0cHM6XC9cL2FkaXRlY2guc3RhZ2luZzEubmV0XC93cC1jb250ZW50XC91cGxvYWRzXC8yMDI2XC8wM1wvQmlsZC0zLndlYnAiLCJzbGlkZXNob3ciOiJjYTQ5OWU2In0%3D\" href=\"https:\/\/aditech.staging1.net\/wp-content\/uploads\/2026\/03\/Bild-3.webp\"><figure class=\"swiper-slide-inner\"><img decoding=\"async\" class=\"swiper-slide-image\" src=\"https:\/\/aditech.staging1.net\/wp-content\/uploads\/2026\/03\/Bild-3.webp\" alt=\"Bild 3\" \/><\/figure><\/a><\/div><div class=\"swiper-slide\" role=\"group\" aria-roledescription=\"slide\" aria-label=\"2 von 4\"><a data-elementor-open-lightbox=\"yes\" data-elementor-lightbox-slideshow=\"ca499e6\" data-e-action-hash=\"#elementor-action%3Aaction%3Dlightbox%26settings%3DeyJpZCI6NDcwMCwidXJsIjoiaHR0cHM6XC9cL2FkaXRlY2guc3RhZ2luZzEubmV0XC93cC1jb250ZW50XC91cGxvYWRzXC8yMDI2XC8wM1wvQmlsZC00LmpwZyIsInNsaWRlc2hvdyI6ImNhNDk5ZTYifQ%3D%3D\" href=\"https:\/\/aditech.staging1.net\/wp-content\/uploads\/2026\/03\/Bild-4.jpg\"><figure class=\"swiper-slide-inner\"><img decoding=\"async\" class=\"swiper-slide-image\" src=\"https:\/\/aditech.staging1.net\/wp-content\/uploads\/2026\/03\/Bild-4-700x700.jpg\" alt=\"Bild 4\" \/><\/figure><\/a><\/div><div class=\"swiper-slide\" role=\"group\" aria-roledescription=\"slide\" aria-label=\"3 von 4\"><a data-elementor-open-lightbox=\"yes\" data-elementor-lightbox-slideshow=\"ca499e6\" data-e-action-hash=\"#elementor-action%3Aaction%3Dlightbox%26settings%3DeyJpZCI6NDcwMSwidXJsIjoiaHR0cHM6XC9cL2FkaXRlY2guc3RhZ2luZzEubmV0XC93cC1jb250ZW50XC91cGxvYWRzXC8yMDI2XC8wM1wvQmlsZC01X2JlYXJiZWl0ZXQtMS53ZWJwIiwic2xpZGVzaG93IjoiY2E0OTllNiJ9\" href=\"https:\/\/aditech.staging1.net\/wp-content\/uploads\/2026\/03\/Bild-5_bearbeitet-1.webp\"><figure class=\"swiper-slide-inner\"><img decoding=\"async\" class=\"swiper-slide-image\" src=\"https:\/\/aditech.staging1.net\/wp-content\/uploads\/2026\/03\/Bild-5_bearbeitet-1-700x700.webp\" alt=\"Bild 5_bearbeitet\" \/><\/figure><\/a><\/div><div class=\"swiper-slide\" role=\"group\" aria-roledescription=\"slide\" aria-label=\"4 von 4\"><a data-elementor-open-lightbox=\"yes\" data-elementor-lightbox-slideshow=\"ca499e6\" data-e-action-hash=\"#elementor-action%3Aaction%3Dlightbox%26settings%3DeyJpZCI6NDcwMiwidXJsIjoiaHR0cHM6XC9cL2FkaXRlY2guc3RhZ2luZzEubmV0XC93cC1jb250ZW50XC91cGxvYWRzXC8yMDI2XC8wM1wvQmlsZC02X0JlYXJiZWl0ZXQxLndlYnAiLCJzbGlkZXNob3ciOiJjYTQ5OWU2In0%3D\" href=\"https:\/\/aditech.staging1.net\/wp-content\/uploads\/2026\/03\/Bild-6_Bearbeitet1.webp\"><figure class=\"swiper-slide-inner\"><img decoding=\"async\" class=\"swiper-slide-image\" src=\"https:\/\/aditech.staging1.net\/wp-content\/uploads\/2026\/03\/Bild-6_Bearbeitet1-700x700.webp\" alt=\"Bild 6_Bearbeitet1\" \/><\/figure><\/a><\/div>\t\t\t<\/div>\n\t\t\t\t\t\t\t\t\t\t\t\t<div class=\"elementor-swiper-button elementor-swiper-button-prev\" role=\"button\" tabindex=\"0\">\n\t\t\t\t\t\t<svg xmlns=\"http:\/\/www.w3.org\/2000\/svg\" fill=\"#212322\" height=\"24\" viewbox=\"0 -960 960 960\" width=\"24\"><path d=\"m400-116-364-364 364-364 34 34-330 330 330 330z\"><\/path><\/svg>\t\t\t\t\t<\/div>\n\t\t\t\t\t<div class=\"elementor-swiper-button elementor-swiper-button-next\" role=\"button\" tabindex=\"0\">\n\t\t\t\t\t\t<svg xmlns=\"http:\/\/www.w3.org\/2000\/svg\" fill=\"#212322\" height=\"24\" viewbox=\"0 -960 960 960\" width=\"24\"><path d=\"m320-116-34-34 330-330-330-330 34-34 364 364z\"><\/path><\/svg>\t\t\t\t\t<\/div>\n\t\t\t\t\n\t\t\t\t\t\t\t\t\t<\/div>\n\t\t\t\t\t\t<\/div>\n\t\t\t\t<\/div>\n\t\t\t\t<\/div>\n\t\t\t\t<\/div>\n\t\t<div class=\"elementor-element elementor-element-a08b4af section-i e-flex e-con-boxed e-con e-child\" data-id=\"a08b4af\" data-element_type=\"container\" data-e-type=\"container\" data-settings=\"{&quot;background_background&quot;:&quot;classic&quot;}\">\n\t\t\t\t\t<div class=\"e-con-inner\">\n\t\t\t\t\t<\/div>\n\t\t\t\t<\/div>\n\t\t\t\t<\/section>\n\t\t\t\t<\/div>","protected":false},"excerpt":{"rendered":"<p>Moderne LED-Vollmatrixanzeigen f\u00fcr intelligente Stadtkommunikation In immer mehr St\u00e4dten pr\u00e4gen sie das Stra\u00dfenbild: moderne LED- Vollmatrixanzeigen f\u00fcr aktuelle Informationen direkt am Stra\u00dfenrand. Sie informieren Einheimische und Besucher in Echtzeit &#8211; an gro\u00dfen Einfallstra\u00dfen in die Innenstadt, an Zufahrten zu Stadien oder Messegel\u00e4nden sowie an zentralen Verkehrsknotenpunkten. Unsere LED-Matrixsysteme sind frei programmierbar, vollfarbig und individuell anpassbar. [&hellip;]<\/p>\n","protected":false},"author":5,"featured_media":4690,"parent":3330,"menu_order":0,"comment_status":"closed","ping_status":"closed","template":"","meta":{"_acf_changed":false,"footnotes":""},"categories":[],"class_list":["post-4687","page","type-page","status-publish","has-post-thumbnail","hentry"],"acf":[],"_links":{"self":[{"href":"https:\/\/aditech.staging1.net\/fr\/wp-json\/wp\/v2\/pages\/4687","targetHints":{"allow":["GET"]}}],"collection":[{"href":"https:\/\/aditech.staging1.net\/fr\/wp-json\/wp\/v2\/pages"}],"about":[{"href":"https:\/\/aditech.staging1.net\/fr\/wp-json\/wp\/v2\/types\/page"}],"author":[{"embeddable":true,"href":"https:\/\/aditech.staging1.net\/fr\/wp-json\/wp\/v2\/users\/5"}],"replies":[{"embeddable":true,"href":"https:\/\/aditech.staging1.net\/fr\/wp-json\/wp\/v2\/comments?post=4687"}],"version-history":[{"count":30,"href":"https:\/\/aditech.staging1.net\/fr\/wp-json\/wp\/v2\/pages\/4687\/revisions"}],"predecessor-version":[{"id":5683,"href":"https:\/\/aditech.staging1.net\/fr\/wp-json\/wp\/v2\/pages\/4687\/revisions\/5683"}],"up":[{"embeddable":true,"href":"https:\/\/aditech.staging1.net\/fr\/wp-json\/wp\/v2\/pages\/3330"}],"wp:featuredmedia":[{"embeddable":true,"href":"https:\/\/aditech.staging1.net\/fr\/wp-json\/wp\/v2\/media\/4690"}],"wp:attachment":[{"href":"https:\/\/aditech.staging1.net\/fr\/wp-json\/wp\/v2\/media?parent=4687"}],"wp:term":[{"taxonomy":"category","embeddable":true,"href":"https:\/\/aditech.staging1.net\/fr\/wp-json\/wp\/v2\/categories?post=4687"}],"curies":[{"name":"wp","href":"https:\/\/api.w.org\/{rel}","templated":true}]}}