{"id":4660,"date":"2026-03-07T20:54:03","date_gmt":"2026-03-07T19:54:03","guid":{"rendered":"https:\/\/aditech.staging1.net\/?page_id=4660"},"modified":"2026-03-16T19:08:00","modified_gmt":"2026-03-16T18:08:00","slug":"dynamische-parkleitsysteme","status":"publish","type":"page","link":"https:\/\/aditech.staging1.net\/fr\/produkte\/dynamische-parkleitsysteme\/","title":{"rendered":"Syst\u00e8mes dynamiques de gestion du stationnement"},"content":{"rendered":"<div data-elementor-type=\"wp-page\" data-elementor-id=\"4660\" class=\"elementor elementor-4660\" data-elementor-post-type=\"page\">\n\t\t\t\t<section class=\"elementor-element elementor-element-60fb446 e-con-full e-flex e-con e-parent\" data-id=\"60fb446\" data-element_type=\"container\" data-e-type=\"container\">\n\t\t\t\t<div class=\"elementor-element elementor-element-8e20045 elementor-widget elementor-widget-shortcode\" data-id=\"8e20045\" data-element_type=\"widget\" data-e-type=\"widget\" data-widget_type=\"shortcode.default\">\n\t\t\t\t\t\t\t<div class=\"elementor-shortcode\">\t\t<div data-elementor-type=\"container\" data-elementor-id=\"3989\" class=\"elementor elementor-3989\" data-elementor-post-type=\"elementor_library\">\n\t\t\t\t<div class=\"elementor-element elementor-element-2a5d7fcb section-i e-flex e-con-boxed e-con e-parent\" data-id=\"2a5d7fcb\" data-element_type=\"container\" data-e-type=\"container\" data-settings=\"{&quot;background_background&quot;:&quot;classic&quot;}\">\n\t\t\t\t\t<div class=\"e-con-inner\">\n\t\t\t\t<div class=\"elementor-element elementor-element-46fae91f h2 elementor-widget elementor-widget-heading\" data-id=\"46fae91f\" data-element_type=\"widget\" data-e-type=\"widget\" data-widget_type=\"heading.default\">\n\t\t\t\t\t<h1 class=\"elementor-heading-title elementor-size-default\">Syst\u00e8mes dynamiques de gestion du stationnement<\/h1>\t\t\t\t<\/div>\n\t\t\t\t\t<\/div>\n\t\t\t\t<\/div>\n\t\t\t\t<\/div>\n\t\t<\/div>\n\t\t\t\t\t\t<\/div>\n\t\t\t\t<\/section>\n\t\t<section class=\"elementor-element elementor-element-92ae70f section-m e-flex e-con-boxed e-con e-parent\" data-id=\"92ae70f\" data-element_type=\"container\" data-e-type=\"container\">\n\t\t\t\t\t<div class=\"e-con-inner\">\n\t\t<div class=\"elementor-element elementor-element-586323b e-con-full e-flex e-con e-child\" data-id=\"586323b\" data-element_type=\"container\" data-e-type=\"container\">\n\t\t\t\t<div class=\"elementor-element elementor-element-3a9b028 hyphens-auto h3 elementor-widget elementor-widget-heading\" data-id=\"3a9b028\" data-element_type=\"widget\" data-e-type=\"widget\" data-widget_type=\"heading.default\">\n\t\t\t\t\t<h2 class=\"elementor-heading-title elementor-size-default\">Kundenspezifische Anzeigen f\u00fcr Parkleitsysteme und Parkraumbeschilderung<\/h2>\t\t\t\t<\/div>\n\t\t\t\t<\/div>\n\t\t<div class=\"elementor-element elementor-element-fd4aa59 e-grid e-con-full e-con e-child\" data-id=\"fd4aa59\" data-element_type=\"container\" data-e-type=\"container\">\n\t\t\t\t<div class=\"elementor-element elementor-element-92cd89a elementor-widget elementor-widget-text-editor\" data-id=\"92cd89a\" data-element_type=\"widget\" data-e-type=\"widget\" data-widget_type=\"text-editor.default\">\n\t\t\t\t\t\t\t\t\t<p>Alle ADITECH-Anzeigen f\u00fcr Park- und Verkehrsleitsysteme sind speziell f\u00fcr den Einsatz im Au\u00dfenbereich entwickelt. Das Angebot reicht von mehrstelligen Restplatzanzeigen \u00fcber individuell nutzbare Textzeilen bis hin zu gro\u00dffl\u00e4chigen LED-Anzeigen. Die Ablesbarkeit ist bei direktem Sonnenlicht ebenso perfekt wie bei Dunkelheit und selbst bei extrem niedrigen Temperaturen ist die Funktion ohne zus\u00e4tzliche Heizung gew\u00e4hrleistet. Je nach Bedarf k\u00f6nnen die Anzeigen einzeln oder als Teil einer statischen Beschilderung eingesetzt werden.<\/p>\t\t\t\t\t\t\t\t<\/div>\n\t\t\t\t<div class=\"elementor-element elementor-element-2568e2a elementor-widget elementor-widget-text-editor\" data-id=\"2568e2a\" data-element_type=\"widget\" data-e-type=\"widget\" data-widget_type=\"text-editor.default\">\n\t\t\t\t\t\t\t\t\t<p>Um die Funktion bestehender Parkleitsysteme trotz Abk\u00fcndigung der LCD-Technologie sicherzustellen, entwickeln wir kundenspezifische Hard- und Software-L\u00f6sungen, die einen unkomplizierten Anzeigen- tausch sowie den parallelen Betrieb von LED- und LCD-Anzeigen innerhalb derselben Systemarchitektur erm\u00f6glichen.<\/p>\t\t\t\t\t\t\t\t<\/div>\n\t\t\t\t<\/div>\n\t\t\t\t\t<\/div>\n\t\t\t\t<\/section>\n\t\t<section class=\"elementor-element elementor-element-5cffeba5 section-m e-flex e-con-boxed e-con e-parent\" data-id=\"5cffeba5\" data-element_type=\"container\" data-e-type=\"container\" data-settings=\"{&quot;background_background&quot;:&quot;classic&quot;}\">\n\t\t\t\t\t<div class=\"e-con-inner\">\n\t\t\t\t<div class=\"elementor-element elementor-element-65841107 elementor-widget elementor-widget-heading\" data-id=\"65841107\" data-element_type=\"widget\" data-e-type=\"widget\" data-widget_type=\"heading.default\">\n\t\t\t\t\t<h2 class=\"elementor-heading-title elementor-size-default\">LCD und LED-Technologie<\/h2>\t\t\t\t<\/div>\n\t\t\t\t\t<\/div>\n\t\t\t\t<\/section>\n\t\t<section class=\"elementor-element elementor-element-b50552b e-grid e-con-boxed e-con e-parent\" data-id=\"b50552b\" data-element_type=\"container\" data-e-type=\"container\" data-settings=\"{&quot;background_background&quot;:&quot;gradient&quot;}\">\n\t\t\t\t\t<div class=\"e-con-inner\">\n\t\t\t\t<div class=\"elementor-element elementor-element-76cd570 img-fade-left  elementor-widget elementor-widget-image\" data-id=\"76cd570\" data-element_type=\"widget\" data-e-type=\"widget\" data-widget_type=\"image.default\">\n\t\t\t\t\t\t\t\t\t\t\t\t\t\t\t<img fetchpriority=\"high\" decoding=\"async\" width=\"800\" height=\"566\" src=\"https:\/\/aditech.staging1.net\/wp-content\/uploads\/2026\/03\/Technik_Parkleitsysteme-1920x1358.webp\" class=\"attachment-large size-large wp-image-4672\" alt=\"\" srcset=\"https:\/\/aditech.staging1.net\/wp-content\/uploads\/2026\/03\/Technik_Parkleitsysteme-1920x1358.webp 1920w, https:\/\/aditech.staging1.net\/wp-content\/uploads\/2026\/03\/Technik_Parkleitsysteme-1024x724.webp 1024w, https:\/\/aditech.staging1.net\/wp-content\/uploads\/2026\/03\/Technik_Parkleitsysteme-768x543.webp 768w, https:\/\/aditech.staging1.net\/wp-content\/uploads\/2026\/03\/Technik_Parkleitsysteme-1536x1086.webp 1536w, https:\/\/aditech.staging1.net\/wp-content\/uploads\/2026\/03\/Technik_Parkleitsysteme-2048x1448.webp 2048w\" sizes=\"(max-width: 800px) 100vw, 800px\" \/>\t\t\t\t\t\t\t\t\t\t\t\t\t\t\t<\/div>\n\t\t<div class=\"elementor-element elementor-element-8e686bc e-con-full section-xs e-flex e-con e-child\" data-id=\"8e686bc\" data-element_type=\"container\" data-e-type=\"container\" data-settings=\"{&quot;background_background&quot;:&quot;gradient&quot;}\">\n\t\t\t\t<div class=\"elementor-element elementor-element-9f2d0b2 h4 elementor-widget elementor-widget-heading\" data-id=\"9f2d0b2\" data-element_type=\"widget\" data-e-type=\"widget\" data-widget_type=\"heading.default\">\n\t\t\t\t\t<h3 class=\"elementor-heading-title elementor-size-default\">TCD-Anzeigen:<\/h3>\t\t\t\t<\/div>\n\t\t\t\t<div class=\"elementor-element elementor-element-e8490c1 elementor-widget-divider--view-line elementor-widget elementor-widget-divider\" data-id=\"e8490c1\" data-element_type=\"widget\" data-e-type=\"widget\" data-widget_type=\"divider.default\">\n\t\t\t\t\t\t\t<div class=\"elementor-divider\">\n\t\t\t<span class=\"elementor-divider-separator\">\n\t\t\t\t\t\t<\/span>\n\t\t<\/div>\n\t\t\t\t\t\t<\/div>\n\t\t\t\t<div class=\"elementor-element elementor-element-b77db4c text-s adt-list-simple elementor-widget elementor-widget-text-editor\" data-id=\"b77db4c\" data-element_type=\"widget\" data-e-type=\"widget\" data-widget_type=\"text-editor.default\">\n\t\t\t\t\t\t\t\t\t<ul><li>12 cm, 16 cm und 18 cm Schrifth\u00f6he<\/li><li>Mosaik und Proportionalschrift<\/li><li>3-Glas \/ 4-Glas Restplatzanzeigen<\/li><li>Kaskadierbare Module f\u00fcr individuell nutzbare Textzeilen<\/li><li>Helligkeit bis 2.200cd\/m2<\/li><li>Gelb\/schwarz oder farbig<\/li><\/ul>\t\t\t\t\t\t\t\t<\/div>\n\t\t\t\t<\/div>\n\t\t\t\t\t<\/div>\n\t\t\t\t<\/section>\n\t\t<section class=\"elementor-element elementor-element-045a732 e-grid e-con-boxed e-con e-parent\" data-id=\"045a732\" data-element_type=\"container\" data-e-type=\"container\" data-settings=\"{&quot;background_background&quot;:&quot;gradient&quot;}\">\n\t\t\t\t\t<div class=\"e-con-inner\">\n\t\t\t\t<div class=\"elementor-element elementor-element-001482e img-fade-left  elementor-widget elementor-widget-image\" data-id=\"001482e\" data-element_type=\"widget\" data-e-type=\"widget\" data-widget_type=\"image.default\">\n\t\t\t\t\t\t\t\t\t\t\t\t\t\t\t<img fetchpriority=\"high\" decoding=\"async\" width=\"800\" height=\"566\" src=\"https:\/\/aditech.staging1.net\/wp-content\/uploads\/2026\/03\/Technik_Parkleitsysteme-1920x1358.webp\" class=\"attachment-large size-large wp-image-4672\" alt=\"\" srcset=\"https:\/\/aditech.staging1.net\/wp-content\/uploads\/2026\/03\/Technik_Parkleitsysteme-1920x1358.webp 1920w, https:\/\/aditech.staging1.net\/wp-content\/uploads\/2026\/03\/Technik_Parkleitsysteme-1024x724.webp 1024w, https:\/\/aditech.staging1.net\/wp-content\/uploads\/2026\/03\/Technik_Parkleitsysteme-768x543.webp 768w, https:\/\/aditech.staging1.net\/wp-content\/uploads\/2026\/03\/Technik_Parkleitsysteme-1536x1086.webp 1536w, https:\/\/aditech.staging1.net\/wp-content\/uploads\/2026\/03\/Technik_Parkleitsysteme-2048x1448.webp 2048w\" sizes=\"(max-width: 800px) 100vw, 800px\" \/>\t\t\t\t\t\t\t\t\t\t\t\t\t\t\t<\/div>\n\t\t<div class=\"elementor-element elementor-element-2b6cfb9 e-con-full section-xs e-flex e-con e-child\" data-id=\"2b6cfb9\" data-element_type=\"container\" data-e-type=\"container\" data-settings=\"{&quot;background_background&quot;:&quot;gradient&quot;}\">\n\t\t\t\t<div class=\"elementor-element elementor-element-6798346 h4 elementor-widget elementor-widget-heading\" data-id=\"6798346\" data-element_type=\"widget\" data-e-type=\"widget\" data-widget_type=\"heading.default\">\n\t\t\t\t\t<h3 class=\"elementor-heading-title elementor-size-default\">LED-Anzeigen:<\/h3>\t\t\t\t<\/div>\n\t\t\t\t<div class=\"elementor-element elementor-element-e77f7e3 elementor-widget-divider--view-line elementor-widget elementor-widget-divider\" data-id=\"e77f7e3\" data-element_type=\"widget\" data-e-type=\"widget\" data-widget_type=\"divider.default\">\n\t\t\t\t\t\t\t<div class=\"elementor-divider\">\n\t\t\t<span class=\"elementor-divider-separator\">\n\t\t\t\t\t\t<\/span>\n\t\t<\/div>\n\t\t\t\t\t\t<\/div>\n\t\t\t\t<div class=\"elementor-element elementor-element-562f126 text-s adt-list-simple elementor-widget elementor-widget-text-editor\" data-id=\"562f126\" data-element_type=\"widget\" data-e-type=\"widget\" data-widget_type=\"text-editor.default\">\n\t\t\t\t\t\t\t\t\t<ul><li>Fullcolor RGB LED<\/li><li>Aufl\u00f6sung 32 x 75 Pixel \/ 6mm Pitch \/ bis 18cm Schrifth\u00f6he<\/li><li>Helligkeit 7.000 cd\/m2<\/li><li>Outdoorgeh\u00e4use zum Einbau in statische Schilder (IP65)<\/li><li>F\u00fcr Restplatzanzeigen oder individuelle Textzeilen<\/li><li>Ansteuerung verf\u00fcgbar<\/li><\/ul>\t\t\t\t\t\t\t\t<\/div>\n\t\t\t\t<\/div>\n\t\t\t\t\t<\/div>\n\t\t\t\t<\/section>\n\t\t<section class=\"elementor-element elementor-element-5417a90 e-con-full px-0 e-flex e-con e-parent\" data-id=\"5417a90\" data-element_type=\"container\" data-e-type=\"container\" data-settings=\"{&quot;background_background&quot;:&quot;classic&quot;}\">\n\t\t<div class=\"elementor-element elementor-element-e430474 e-grid e-con-full section-i e-con e-child\" data-id=\"e430474\" data-element_type=\"container\" data-e-type=\"container\" data-settings=\"{&quot;background_background&quot;:&quot;classic&quot;}\">\n\t\t<div class=\"elementor-element elementor-element-667b0b1 elementor-hidden-mobile e-flex e-con-boxed e-con e-child\" data-id=\"667b0b1\" data-element_type=\"container\" data-e-type=\"container\" data-settings=\"{&quot;background_background&quot;:&quot;classic&quot;}\">\n\t\t\t\t\t<div class=\"e-con-inner\">\n\t\t\t\t\t<\/div>\n\t\t\t\t<\/div>\n\t\t<div class=\"elementor-element elementor-element-2d937a7 e-flex e-con-boxed e-con e-child\" data-id=\"2d937a7\" data-element_type=\"container\" data-e-type=\"container\">\n\t\t\t\t\t<div class=\"e-con-inner\">\n\t\t\t\t<div class=\"elementor-element elementor-element-290c423 h4 elementor-widget elementor-widget-heading\" data-id=\"290c423\" data-element_type=\"widget\" data-e-type=\"widget\" data-widget_type=\"heading.default\">\n\t\t\t\t\t<h2 class=\"elementor-heading-title elementor-size-default\">Anwendungen f\u00fcr Park- und Verkehrsleit&shy;systeme<\/h2>\t\t\t\t<\/div>\n\t\t\t\t\t<\/div>\n\t\t\t\t<\/div>\n\t\t<div class=\"elementor-element elementor-element-321f9bf e-con-full e-flex e-con e-child\" data-id=\"321f9bf\" data-element_type=\"container\" data-e-type=\"container\">\n\t\t<div class=\"elementor-element elementor-element-762eb74 e-con-full e-flex e-con e-child\" data-id=\"762eb74\" data-element_type=\"container\" data-e-type=\"container\">\n\t\t\t\t<div class=\"elementor-element elementor-element-ca499e6 adt-slider e-transform elementor-arrows-position-inside elementor-widget elementor-widget-image-carousel\" data-id=\"ca499e6\" data-element_type=\"widget\" data-e-type=\"widget\" data-settings=\"{&quot;slides_to_show&quot;:&quot;4&quot;,&quot;navigation&quot;:&quot;arrows&quot;,&quot;image_spacing_custom&quot;:{&quot;unit&quot;:&quot;px&quot;,&quot;size&quot;:16,&quot;sizes&quot;:[]},&quot;slides_to_show_laptop&quot;:&quot;3&quot;,&quot;_transform_scale_effect&quot;:{&quot;unit&quot;:&quot;px&quot;,&quot;size&quot;:1.12000000000000010658141036401502788066864013671875,&quot;sizes&quot;:[]},&quot;_transform_scale_effect_laptop&quot;:{&quot;unit&quot;:&quot;px&quot;,&quot;size&quot;:1.100000000000000088817841970012523233890533447265625,&quot;sizes&quot;:[]},&quot;slides_to_show_tablet&quot;:&quot;3&quot;,&quot;slides_to_show_mobile&quot;:&quot;2&quot;,&quot;_transform_scale_effect_tablet&quot;:{&quot;unit&quot;:&quot;px&quot;,&quot;size&quot;:1.3000000000000000444089209850062616169452667236328125,&quot;sizes&quot;:[]},&quot;infinite&quot;:&quot;yes&quot;,&quot;speed&quot;:500,&quot;image_spacing_custom_laptop&quot;:{&quot;unit&quot;:&quot;px&quot;,&quot;size&quot;:&quot;&quot;,&quot;sizes&quot;:[]},&quot;image_spacing_custom_tablet&quot;:{&quot;unit&quot;:&quot;px&quot;,&quot;size&quot;:&quot;&quot;,&quot;sizes&quot;:[]},&quot;image_spacing_custom_mobile&quot;:{&quot;unit&quot;:&quot;px&quot;,&quot;size&quot;:&quot;&quot;,&quot;sizes&quot;:[]},&quot;_transform_scale_effect_mobile&quot;:{&quot;unit&quot;:&quot;px&quot;,&quot;size&quot;:&quot;&quot;,&quot;sizes&quot;:[]}}\" data-widget_type=\"image-carousel.default\">\n\t\t\t\t\t\t\t<div class=\"elementor-image-carousel-wrapper swiper\" role=\"region\" aria-roledescription=\"carousel\" aria-label=\"Carrousel d&#039;images\" dir=\"ltr\">\n\t\t\t<div class=\"elementor-image-carousel swiper-wrapper swiper-image-stretch\" aria-live=\"polite\">\n\t\t\t\t\t\t\t\t<div class=\"swiper-slide\" role=\"group\" aria-roledescription=\"slide\" aria-label=\"1 von 4\"><a data-elementor-open-lightbox=\"yes\" data-elementor-lightbox-slideshow=\"ca499e6\" data-e-action-hash=\"#elementor-action%3Aaction%3Dlightbox%26settings%3DeyJpZCI6NDY3NiwidXJsIjoiaHR0cHM6XC9cL2FkaXRlY2guc3RhZ2luZzEubmV0XC93cC1jb250ZW50XC91cGxvYWRzXC8yMDI2XC8wM1wvSUlJLndlYnAiLCJzbGlkZXNob3ciOiJjYTQ5OWU2In0%3D\" href=\"https:\/\/aditech.staging1.net\/wp-content\/uploads\/2026\/03\/III.webp\"><figure class=\"swiper-slide-inner\"><img decoding=\"async\" class=\"swiper-slide-image\" src=\"https:\/\/aditech.staging1.net\/wp-content\/uploads\/2026\/03\/III-700x700.webp\" alt=\"III\" \/><\/figure><\/a><\/div><div class=\"swiper-slide\" role=\"group\" aria-roledescription=\"slide\" aria-label=\"2 von 4\"><a data-elementor-open-lightbox=\"yes\" data-elementor-lightbox-slideshow=\"ca499e6\" data-e-action-hash=\"#elementor-action%3Aaction%3Dlightbox%26settings%3DeyJpZCI6NDY3OSwidXJsIjoiaHR0cHM6XC9cL2FkaXRlY2guc3RhZ2luZzEubmV0XC93cC1jb250ZW50XC91cGxvYWRzXC8yMDI2XC8wM1wvUExTLUR1aXNidXJnLndlYnAiLCJzbGlkZXNob3ciOiJjYTQ5OWU2In0%3D\" href=\"https:\/\/aditech.staging1.net\/wp-content\/uploads\/2026\/03\/PLS-Duisburg.webp\"><figure class=\"swiper-slide-inner\"><img decoding=\"async\" class=\"swiper-slide-image\" src=\"https:\/\/aditech.staging1.net\/wp-content\/uploads\/2026\/03\/PLS-Duisburg-700x700.webp\" alt=\"PLS Duisburg\" \/><\/figure><\/a><\/div><div class=\"swiper-slide\" role=\"group\" aria-roledescription=\"slide\" aria-label=\"3 von 4\"><a data-elementor-open-lightbox=\"yes\" data-elementor-lightbox-slideshow=\"ca499e6\" data-e-action-hash=\"#elementor-action%3Aaction%3Dlightbox%26settings%3DeyJpZCI6NDY3NywidXJsIjoiaHR0cHM6XC9cL2FkaXRlY2guc3RhZ2luZzEubmV0XC93cC1jb250ZW50XC91cGxvYWRzXC8yMDI2XC8wM1wvTEVELU1hdHJpeGFuemVpZ2UtSS5qcGciLCJzbGlkZXNob3ciOiJjYTQ5OWU2In0%3D\" href=\"https:\/\/aditech.staging1.net\/wp-content\/uploads\/2026\/03\/LED-Matrixanzeige-I.jpg\"><figure class=\"swiper-slide-inner\"><img decoding=\"async\" class=\"swiper-slide-image\" src=\"https:\/\/aditech.staging1.net\/wp-content\/uploads\/2026\/03\/LED-Matrixanzeige-I-700x700.jpg\" alt=\"LED-Matrixanzeige I\" \/><\/figure><\/a><\/div><div class=\"swiper-slide\" role=\"group\" aria-roledescription=\"slide\" aria-label=\"4 von 4\"><a data-elementor-open-lightbox=\"yes\" data-elementor-lightbox-slideshow=\"ca499e6\" data-e-action-hash=\"#elementor-action%3Aaction%3Dlightbox%26settings%3DeyJpZCI6NDY3OCwidXJsIjoiaHR0cHM6XC9cL2FkaXRlY2guc3RhZ2luZzEubmV0XC93cC1jb250ZW50XC91cGxvYWRzXC8yMDI2XC8wM1wvUExTLUJvZWJsaW5nZW4taGVsbC53ZWJwIiwic2xpZGVzaG93IjoiY2E0OTllNiJ9\" href=\"https:\/\/aditech.staging1.net\/wp-content\/uploads\/2026\/03\/PLS-Boeblingen-hell.webp\"><figure class=\"swiper-slide-inner\"><img decoding=\"async\" class=\"swiper-slide-image\" src=\"https:\/\/aditech.staging1.net\/wp-content\/uploads\/2026\/03\/PLS-Boeblingen-hell-700x700.webp\" alt=\"PLS Bo\u0308blingen hell\" \/><\/figure><\/a><\/div>\t\t\t<\/div>\n\t\t\t\t\t\t\t\t\t\t\t\t<div class=\"elementor-swiper-button elementor-swiper-button-prev\" role=\"button\" tabindex=\"0\">\n\t\t\t\t\t\t<svg xmlns=\"http:\/\/www.w3.org\/2000\/svg\" fill=\"#212322\" height=\"24\" viewbox=\"0 -960 960 960\" width=\"24\"><path d=\"m400-116-364-364 364-364 34 34-330 330 330 330z\"><\/path><\/svg>\t\t\t\t\t<\/div>\n\t\t\t\t\t<div class=\"elementor-swiper-button elementor-swiper-button-next\" role=\"button\" tabindex=\"0\">\n\t\t\t\t\t\t<svg xmlns=\"http:\/\/www.w3.org\/2000\/svg\" fill=\"#212322\" height=\"24\" viewbox=\"0 -960 960 960\" width=\"24\"><path d=\"m320-116-34-34 330-330-330-330 34-34 364 364z\"><\/path><\/svg>\t\t\t\t\t<\/div>\n\t\t\t\t\n\t\t\t\t\t\t\t\t\t<\/div>\n\t\t\t\t\t\t<\/div>\n\t\t\t\t<\/div>\n\t\t\t\t<\/div>\n\t\t\t\t<\/div>\n\t\t<div class=\"elementor-element elementor-element-a08b4af section-i e-flex e-con-boxed e-con e-child\" data-id=\"a08b4af\" data-element_type=\"container\" data-e-type=\"container\" data-settings=\"{&quot;background_background&quot;:&quot;classic&quot;}\">\n\t\t\t\t\t<div class=\"e-con-inner\">\n\t\t\t\t\t<\/div>\n\t\t\t\t<\/div>\n\t\t\t\t<\/section>\n\t\t\t\t<\/div>","protected":false},"excerpt":{"rendered":"<p>Kundenspezifische Anzeigen f\u00fcr Parkleitsysteme und Parkraumbeschilderung Alle ADITECH-Anzeigen f\u00fcr Park- und Verkehrsleitsysteme sind speziell f\u00fcr den Einsatz im Au\u00dfenbereich entwickelt. Das Angebot reicht von mehrstelligen Restplatzanzeigen \u00fcber individuell nutzbare Textzeilen bis hin zu gro\u00dffl\u00e4chigen LED-Anzeigen. Die Ablesbarkeit ist bei direktem Sonnenlicht ebenso perfekt wie bei Dunkelheit und selbst bei extrem niedrigen Temperaturen ist die Funktion [&hellip;]<\/p>\n","protected":false},"author":5,"featured_media":4662,"parent":3330,"menu_order":0,"comment_status":"closed","ping_status":"closed","template":"","meta":{"_acf_changed":false,"footnotes":""},"categories":[],"class_list":["post-4660","page","type-page","status-publish","has-post-thumbnail","hentry"],"acf":[],"_links":{"self":[{"href":"https:\/\/aditech.staging1.net\/fr\/wp-json\/wp\/v2\/pages\/4660","targetHints":{"allow":["GET"]}}],"collection":[{"href":"https:\/\/aditech.staging1.net\/fr\/wp-json\/wp\/v2\/pages"}],"about":[{"href":"https:\/\/aditech.staging1.net\/fr\/wp-json\/wp\/v2\/types\/page"}],"author":[{"embeddable":true,"href":"https:\/\/aditech.staging1.net\/fr\/wp-json\/wp\/v2\/users\/5"}],"replies":[{"embeddable":true,"href":"https:\/\/aditech.staging1.net\/fr\/wp-json\/wp\/v2\/comments?post=4660"}],"version-history":[{"count":35,"href":"https:\/\/aditech.staging1.net\/fr\/wp-json\/wp\/v2\/pages\/4660\/revisions"}],"predecessor-version":[{"id":5692,"href":"https:\/\/aditech.staging1.net\/fr\/wp-json\/wp\/v2\/pages\/4660\/revisions\/5692"}],"up":[{"embeddable":true,"href":"https:\/\/aditech.staging1.net\/fr\/wp-json\/wp\/v2\/pages\/3330"}],"wp:featuredmedia":[{"embeddable":true,"href":"https:\/\/aditech.staging1.net\/fr\/wp-json\/wp\/v2\/media\/4662"}],"wp:attachment":[{"href":"https:\/\/aditech.staging1.net\/fr\/wp-json\/wp\/v2\/media?parent=4660"}],"wp:term":[{"taxonomy":"category","embeddable":true,"href":"https:\/\/aditech.staging1.net\/fr\/wp-json\/wp\/v2\/categories?post=4660"}],"curies":[{"name":"wp","href":"https:\/\/api.w.org\/{rel}","templated":true}]}}