{"id":4603,"date":"2026-03-07T20:18:08","date_gmt":"2026-03-07T19:18:08","guid":{"rendered":"https:\/\/aditech.staging1.net\/?page_id=4603"},"modified":"2026-03-16T19:08:41","modified_gmt":"2026-03-16T18:08:41","slug":"sonderloesungen","status":"publish","type":"page","link":"https:\/\/aditech.staging1.net\/fr\/produkte\/sonderloesungen\/","title":{"rendered":"Solutions sp\u00e9ciales"},"content":{"rendered":"<div data-elementor-type=\"wp-page\" data-elementor-id=\"4603\" class=\"elementor elementor-4603\" data-elementor-post-type=\"page\">\n\t\t\t\t<section class=\"elementor-element elementor-element-60fb446 e-con-full e-flex e-con e-parent\" data-id=\"60fb446\" data-element_type=\"container\" data-e-type=\"container\">\n\t\t\t\t<div class=\"elementor-element elementor-element-8e20045 elementor-widget elementor-widget-shortcode\" data-id=\"8e20045\" data-element_type=\"widget\" data-e-type=\"widget\" data-widget_type=\"shortcode.default\">\n\t\t\t\t\t\t\t<div class=\"elementor-shortcode\">\t\t<div data-elementor-type=\"container\" data-elementor-id=\"3989\" class=\"elementor elementor-3989\" data-elementor-post-type=\"elementor_library\">\n\t\t\t\t<div class=\"elementor-element elementor-element-2a5d7fcb section-i e-flex e-con-boxed e-con e-parent\" data-id=\"2a5d7fcb\" data-element_type=\"container\" data-e-type=\"container\" data-settings=\"{&quot;background_background&quot;:&quot;classic&quot;}\">\n\t\t\t\t\t<div class=\"e-con-inner\">\n\t\t\t\t<div class=\"elementor-element elementor-element-46fae91f h2 elementor-widget elementor-widget-heading\" data-id=\"46fae91f\" data-element_type=\"widget\" data-e-type=\"widget\" data-widget_type=\"heading.default\">\n\t\t\t\t\t<h1 class=\"elementor-heading-title elementor-size-default\">Solutions sp\u00e9ciales<\/h1>\t\t\t\t<\/div>\n\t\t\t\t\t<\/div>\n\t\t\t\t<\/div>\n\t\t\t\t<\/div>\n\t\t<\/div>\n\t\t\t\t\t\t<\/div>\n\t\t\t\t<\/section>\n\t\t<section class=\"elementor-element elementor-element-92ae70f section-m e-flex e-con-boxed e-con e-parent\" data-id=\"92ae70f\" data-element_type=\"container\" data-e-type=\"container\">\n\t\t\t\t\t<div class=\"e-con-inner\">\n\t\t\t\t<div class=\"elementor-element elementor-element-3a9b028 hyphens-auto h3 elementor-widget elementor-widget-heading\" data-id=\"3a9b028\" data-element_type=\"widget\" data-e-type=\"widget\" data-widget_type=\"heading.default\">\n\t\t\t\t\t<h2 class=\"elementor-heading-title elementor-size-default\">Massgeschneiderte L\u00f6sungen f\u00fcr<br>anspruchsvolle Projekte<\/h2>\t\t\t\t<\/div>\n\t\t<div class=\"elementor-element elementor-element-fd4aa59 e-grid e-con-full e-con e-child\" data-id=\"fd4aa59\" data-element_type=\"container\" data-e-type=\"container\">\n\t\t\t\t<div class=\"elementor-element elementor-element-92cd89a elementor-widget elementor-widget-text-editor\" data-id=\"92cd89a\" data-element_type=\"widget\" data-e-type=\"widget\" data-widget_type=\"text-editor.default\">\n\t\t\t\t\t\t\t\t\t<p>Wir entwickeln Anzeigen- und Displayl\u00f6sungen, die genau auf Ihre Anforderungen abgestimmt sind \u2013 pr\u00e4zise, innovativ und zuverl\u00e4ssig. Ob spezielle Konstruktionen, individuelle Anpassungen oder komplette Neuentwicklungen: unsere L\u00f6sungen kommen zu Einsatz, wenn mehr als Standarddisplays gefordert sind.<\/p><p>Wir unterst\u00fctzen Sie auf Wunsch bei der Entwicklung und Produktdefinition, begleiten Sie bei der Umsetzung und sind ihr kompetenter Produktionspartner, egal ob f\u00fcr Einzelst\u00fccke, Kleinserien oder gr\u00f6\u00dfere Projekte.<\/p>\t\t\t\t\t\t\t\t<\/div>\n\t\t<div class=\"elementor-element elementor-element-9050d89 e-con-full e-flex e-con e-child\" data-id=\"9050d89\" data-element_type=\"container\" data-e-type=\"container\">\n\t\t\t\t<div class=\"elementor-element elementor-element-1c3b766 adt-list-simple elementor-widget elementor-widget-text-editor\" data-id=\"1c3b766\" data-element_type=\"widget\" data-e-type=\"widget\" data-widget_type=\"text-editor.default\">\n\t\t\t\t\t\t\t\t\t<p><strong>Instrumentierungsl\u00f6sungen, z.B. f\u00fcr Bau- und Schwermaschinen \/ Triebwagen \/ Fahr- und Flugsimulatoren<\/strong><\/p>\t\t\t\t\t\t\t\t<\/div>\n\t\t\t\t<div class=\"elementor-element elementor-element-82538d5 adt-list-simple elementor-widget elementor-widget-text-editor\" data-id=\"82538d5\" data-element_type=\"widget\" data-e-type=\"widget\" data-widget_type=\"text-editor.default\">\n\t\t\t\t\t\t\t\t\t<p>LCD- und TFT-Baugruppen f\u00fcr au\u00dfergew\u00f6hnliche Anspr\u00fcche:\u00a0<\/p>\t\t\t\t\t\t\t\t<\/div>\n\t\t\t\t<div class=\"elementor-element elementor-element-ad24114 elementor-widget-divider--view-line elementor-widget elementor-widget-divider\" data-id=\"ad24114\" data-element_type=\"widget\" data-e-type=\"widget\" data-widget_type=\"divider.default\">\n\t\t\t\t\t\t\t<div class=\"elementor-divider\">\n\t\t\t<span class=\"elementor-divider-separator\">\n\t\t\t\t\t\t<\/span>\n\t\t<\/div>\n\t\t\t\t\t\t<\/div>\n\t\t\t\t<div class=\"elementor-element elementor-element-e1945c0 adt-list-simple elementor-widget elementor-widget-text-editor\" data-id=\"e1945c0\" data-element_type=\"widget\" data-e-type=\"widget\" data-widget_type=\"text-editor.default\">\n\t\t\t\t\t\t\t\t\t<ul><li>Extreme Lichtverhaltnisse<\/li><li>Nachtsichtkompatible Hinterleuchtung (NVIS-LED)<\/li><li>Gro\u00dfe Temperaturbereiche<\/li><li>Hohe mechanische Belastbarkeit &#8211;<\/li><li>Spezifische Formen, Farben, Abmessungen<\/li><li>Kontrastverst\u00e4rkung, Oberfl\u00e4chenschutz<\/li><\/ul>\t\t\t\t\t\t\t\t<\/div>\n\t\t\t\t<\/div>\n\t\t\t\t<\/div>\n\t\t\t\t\t<\/div>\n\t\t\t\t<\/section>\n\t\t<section class=\"elementor-element elementor-element-5417a90 e-con-full px-0 e-flex e-con e-parent\" data-id=\"5417a90\" data-element_type=\"container\" data-e-type=\"container\" data-settings=\"{&quot;background_background&quot;:&quot;classic&quot;}\">\n\t\t<div class=\"elementor-element elementor-element-e430474 e-grid e-con-full section-i e-con e-child\" data-id=\"e430474\" data-element_type=\"container\" data-e-type=\"container\" data-settings=\"{&quot;background_background&quot;:&quot;classic&quot;}\">\n\t\t<div class=\"elementor-element elementor-element-667b0b1 elementor-hidden-mobile e-flex e-con-boxed e-con e-child\" data-id=\"667b0b1\" data-element_type=\"container\" data-e-type=\"container\" data-settings=\"{&quot;background_background&quot;:&quot;classic&quot;}\">\n\t\t\t\t\t<div class=\"e-con-inner\">\n\t\t\t\t\t<\/div>\n\t\t\t\t<\/div>\n\t\t<div class=\"elementor-element elementor-element-2d937a7 e-flex e-con-boxed e-con e-child\" data-id=\"2d937a7\" data-element_type=\"container\" data-e-type=\"container\">\n\t\t\t\t\t<div class=\"e-con-inner\">\n\t\t\t\t<div class=\"elementor-element elementor-element-290c423 h4 elementor-widget elementor-widget-heading\" data-id=\"290c423\" data-element_type=\"widget\" data-e-type=\"widget\" data-widget_type=\"heading.default\">\n\t\t\t\t\t<h2 class=\"elementor-heading-title elementor-size-default\">Anwendungen f\u00fcr Sonder&shy;l\u00f6sungen <\/h2>\t\t\t\t<\/div>\n\t\t\t\t\t<\/div>\n\t\t\t\t<\/div>\n\t\t<div class=\"elementor-element elementor-element-321f9bf e-con-full e-flex e-con e-child\" data-id=\"321f9bf\" data-element_type=\"container\" data-e-type=\"container\">\n\t\t<div class=\"elementor-element elementor-element-762eb74 e-con-full e-flex e-con e-child\" data-id=\"762eb74\" data-element_type=\"container\" data-e-type=\"container\">\n\t\t\t\t<div class=\"elementor-element elementor-element-ca499e6 adt-slider e-transform elementor-arrows-position-inside elementor-widget elementor-widget-image-carousel\" data-id=\"ca499e6\" data-element_type=\"widget\" data-e-type=\"widget\" data-settings=\"{&quot;slides_to_show&quot;:&quot;4&quot;,&quot;navigation&quot;:&quot;arrows&quot;,&quot;image_spacing_custom&quot;:{&quot;unit&quot;:&quot;px&quot;,&quot;size&quot;:16,&quot;sizes&quot;:[]},&quot;slides_to_show_laptop&quot;:&quot;3&quot;,&quot;_transform_scale_effect&quot;:{&quot;unit&quot;:&quot;px&quot;,&quot;size&quot;:1.12000000000000010658141036401502788066864013671875,&quot;sizes&quot;:[]},&quot;_transform_scale_effect_laptop&quot;:{&quot;unit&quot;:&quot;px&quot;,&quot;size&quot;:1.100000000000000088817841970012523233890533447265625,&quot;sizes&quot;:[]},&quot;slides_to_show_tablet&quot;:&quot;3&quot;,&quot;slides_to_show_mobile&quot;:&quot;2&quot;,&quot;_transform_scale_effect_tablet&quot;:{&quot;unit&quot;:&quot;px&quot;,&quot;size&quot;:1.3000000000000000444089209850062616169452667236328125,&quot;sizes&quot;:[]},&quot;infinite&quot;:&quot;yes&quot;,&quot;speed&quot;:500,&quot;image_spacing_custom_laptop&quot;:{&quot;unit&quot;:&quot;px&quot;,&quot;size&quot;:&quot;&quot;,&quot;sizes&quot;:[]},&quot;image_spacing_custom_tablet&quot;:{&quot;unit&quot;:&quot;px&quot;,&quot;size&quot;:&quot;&quot;,&quot;sizes&quot;:[]},&quot;image_spacing_custom_mobile&quot;:{&quot;unit&quot;:&quot;px&quot;,&quot;size&quot;:&quot;&quot;,&quot;sizes&quot;:[]},&quot;_transform_scale_effect_mobile&quot;:{&quot;unit&quot;:&quot;px&quot;,&quot;size&quot;:&quot;&quot;,&quot;sizes&quot;:[]}}\" data-widget_type=\"image-carousel.default\">\n\t\t\t\t\t\t\t<div class=\"elementor-image-carousel-wrapper swiper\" role=\"region\" aria-roledescription=\"carousel\" aria-label=\"Carrousel d&#039;images\" dir=\"ltr\">\n\t\t\t<div class=\"elementor-image-carousel swiper-wrapper swiper-image-stretch\" aria-live=\"polite\">\n\t\t\t\t\t\t\t\t<div class=\"swiper-slide\" role=\"group\" aria-roledescription=\"slide\" aria-label=\"1 von 4\"><a data-elementor-open-lightbox=\"yes\" data-elementor-lightbox-slideshow=\"ca499e6\" data-e-action-hash=\"#elementor-action%3Aaction%3Dlightbox%26settings%3DeyJpZCI6NDYzNSwidXJsIjoiaHR0cHM6XC9cL2FkaXRlY2guc3RhZ2luZzEubmV0XC93cC1jb250ZW50XC91cGxvYWRzXC8yMDI2XC8wM1wvQmlsZC1Tb25kZXJsb2VzdW5nX1J1ZWNrc3BpZWdlbGRpc3BsYXkud2VicCIsInNsaWRlc2hvdyI6ImNhNDk5ZTYifQ%3D%3D\" href=\"https:\/\/aditech.staging1.net\/wp-content\/uploads\/2026\/03\/Bild-Sonderloesung_Rueckspiegeldisplay.webp\"><figure class=\"swiper-slide-inner\"><img decoding=\"async\" class=\"swiper-slide-image\" src=\"https:\/\/aditech.staging1.net\/wp-content\/uploads\/2026\/03\/Bild-Sonderloesung_Rueckspiegeldisplay-700x700.webp\" alt=\"Bild Sonderlo\u0308sung_Ru\u0308ckspiegeldisplay\" \/><\/figure><\/a><\/div><div class=\"swiper-slide\" role=\"group\" aria-roledescription=\"slide\" aria-label=\"2 von 4\"><a data-elementor-open-lightbox=\"yes\" data-elementor-lightbox-slideshow=\"ca499e6\" data-e-action-hash=\"#elementor-action%3Aaction%3Dlightbox%26settings%3DeyJpZCI6NDYzMywidXJsIjoiaHR0cHM6XC9cL2FkaXRlY2guc3RhZ2luZzEubmV0XC93cC1jb250ZW50XC91cGxvYWRzXC8yMDI2XC8wM1wvMWNfd2VpdGVyZS1Tb25kZXJsb2VzdW5nX2JlYXJiZWl0ZXQud2VicCIsInNsaWRlc2hvdyI6ImNhNDk5ZTYifQ%3D%3D\" href=\"https:\/\/aditech.staging1.net\/wp-content\/uploads\/2026\/03\/1c_weitere-Sonderloesung_bearbeitet.webp\"><figure class=\"swiper-slide-inner\"><img decoding=\"async\" class=\"swiper-slide-image\" src=\"https:\/\/aditech.staging1.net\/wp-content\/uploads\/2026\/03\/1c_weitere-Sonderloesung_bearbeitet-700x700.webp\" alt=\"1c_weitere Sonderlo\u0308sung_bearbeitet\" \/><\/figure><\/a><\/div><div class=\"swiper-slide\" role=\"group\" aria-roledescription=\"slide\" aria-label=\"3 von 4\"><a data-elementor-open-lightbox=\"yes\" data-elementor-lightbox-slideshow=\"ca499e6\" data-e-action-hash=\"#elementor-action%3Aaction%3Dlightbox%26settings%3DeyJpZCI6NDYzNCwidXJsIjoiaHR0cHM6XC9cL2FkaXRlY2guc3RhZ2luZzEubmV0XC93cC1jb250ZW50XC91cGxvYWRzXC8yMDI2XC8wM1wvQWRvYmVTdG9ja182ODk0MTEyNS53ZWJwIiwic2xpZGVzaG93IjoiY2E0OTllNiJ9\" href=\"https:\/\/aditech.staging1.net\/wp-content\/uploads\/2026\/03\/AdobeStock_68941125.webp\"><figure class=\"swiper-slide-inner\"><img decoding=\"async\" class=\"swiper-slide-image\" src=\"https:\/\/aditech.staging1.net\/wp-content\/uploads\/2026\/03\/AdobeStock_68941125-700x700.webp\" alt=\"AdobeStock_68941125\" \/><\/figure><\/a><\/div><div class=\"swiper-slide\" role=\"group\" aria-roledescription=\"slide\" aria-label=\"4 von 4\"><a data-elementor-open-lightbox=\"yes\" data-elementor-lightbox-slideshow=\"ca499e6\" data-e-action-hash=\"#elementor-action%3Aaction%3Dlightbox%26settings%3DeyJpZCI6NDYzMiwidXJsIjoiaHR0cHM6XC9cL2FkaXRlY2guc3RhZ2luZzEubmV0XC93cC1jb250ZW50XC91cGxvYWRzXC8yMDI2XC8wM1wvMWNfYWx0ZXJuYXRpdmUtU29uZGVybG9lc3VuZ2VuX0JlYXJiZWl0ZXQud2VicCIsInNsaWRlc2hvdyI6ImNhNDk5ZTYifQ%3D%3D\" href=\"https:\/\/aditech.staging1.net\/wp-content\/uploads\/2026\/03\/1c_alternative-Sonderloesungen_Bearbeitet.webp\"><figure class=\"swiper-slide-inner\"><img decoding=\"async\" class=\"swiper-slide-image\" src=\"https:\/\/aditech.staging1.net\/wp-content\/uploads\/2026\/03\/1c_alternative-Sonderloesungen_Bearbeitet-700x700.webp\" alt=\"1c_alternative Sonderlo\u0308sungen_Bearbeitet\" \/><\/figure><\/a><\/div>\t\t\t<\/div>\n\t\t\t\t\t\t\t\t\t\t\t\t<div class=\"elementor-swiper-button elementor-swiper-button-prev\" role=\"button\" tabindex=\"0\">\n\t\t\t\t\t\t<svg xmlns=\"http:\/\/www.w3.org\/2000\/svg\" fill=\"#212322\" height=\"24\" viewbox=\"0 -960 960 960\" width=\"24\"><path d=\"m400-116-364-364 364-364 34 34-330 330 330 330z\"><\/path><\/svg>\t\t\t\t\t<\/div>\n\t\t\t\t\t<div class=\"elementor-swiper-button elementor-swiper-button-next\" role=\"button\" tabindex=\"0\">\n\t\t\t\t\t\t<svg xmlns=\"http:\/\/www.w3.org\/2000\/svg\" fill=\"#212322\" height=\"24\" viewbox=\"0 -960 960 960\" width=\"24\"><path d=\"m320-116-34-34 330-330-330-330 34-34 364 364z\"><\/path><\/svg>\t\t\t\t\t<\/div>\n\t\t\t\t\n\t\t\t\t\t\t\t\t\t<\/div>\n\t\t\t\t\t\t<\/div>\n\t\t\t\t<\/div>\n\t\t\t\t<\/div>\n\t\t\t\t<\/div>\n\t\t<div class=\"elementor-element elementor-element-a08b4af section-i e-flex e-con-boxed e-con e-child\" data-id=\"a08b4af\" data-element_type=\"container\" data-e-type=\"container\" data-settings=\"{&quot;background_background&quot;:&quot;classic&quot;}\">\n\t\t\t\t\t<div class=\"e-con-inner\">\n\t\t\t\t\t<\/div>\n\t\t\t\t<\/div>\n\t\t\t\t<\/section>\n\t\t<section class=\"elementor-element elementor-element-d488c02 section-m e-flex e-con-boxed e-con e-parent\" data-id=\"d488c02\" data-element_type=\"container\" data-e-type=\"container\">\n\t\t\t\t\t<div class=\"e-con-inner\">\n\t\t\t\t<div class=\"elementor-element elementor-element-0b237e2 hyphens-auto h3 elementor-widget elementor-widget-heading\" data-id=\"0b237e2\" data-element_type=\"widget\" data-e-type=\"widget\" data-widget_type=\"heading.default\">\n\t\t\t\t\t<h2 class=\"elementor-heading-title elementor-size-default\">Individuelle Ersatzl\u00f6sungen f\u00fcr<br>abgek\u00fcndigte LCD-displays<\/h2>\t\t\t\t<\/div>\n\t\t<div class=\"elementor-element elementor-element-0a99cba e-grid e-con-full e-con e-child\" data-id=\"0a99cba\" data-element_type=\"container\" data-e-type=\"container\">\n\t\t\t\t<div class=\"elementor-element elementor-element-cfc86db elementor-widget elementor-widget-text-editor\" data-id=\"cfc86db\" data-element_type=\"widget\" data-e-type=\"widget\" data-widget_type=\"text-editor.default\">\n\t\t\t\t\t\t\t\t\t<p>Die Abk\u00fcndigung der LCD-Technologie stellt einige Branchen vor gro\u00dfe Herausforderungen, wie beispielsweise die Hersteller von Instrumen- tierungsl\u00f6sungen f\u00fcr Bau- und Schwermaschinen. So k\u00f6nnen teure Fahrzeuge bei den Endkunden oft nicht weiterbetrieben werden, weil die originalen LCD-Displays nicht mehr als Ersatzteile verf\u00fcgbar sind. Eine Umr\u00fcstung auf andere Displaytechnologien ist oft technisch nicht m\u00f6glich oder wirtschaftlich nicht rentabel. <br \/>Der Bedarf an kompatiblen Ersatzl\u00f6sungen in diesem Bereich ist daher hoch.<\/p>\t\t\t\t\t\t\t\t<\/div>\n\t\t<div class=\"elementor-element elementor-element-4cf96f1 e-con-full e-flex e-con e-child\" data-id=\"4cf96f1\" data-element_type=\"container\" data-e-type=\"container\">\n\t\t\t\t<div class=\"elementor-element elementor-element-93be821 adt-list-simple elementor-widget elementor-widget-text-editor\" data-id=\"93be821\" data-element_type=\"widget\" data-e-type=\"widget\" data-widget_type=\"text-editor.default\">\n\t\t\t\t\t\t\t\t\t<p>Deshalb bietet ADITECH das Re-Engineering von LCD-Displays nach individuellen Kundenvorgabe an. Wir rekonstruieren bestehende Anzeigen, sodass sich diese wieder nahtlos in Fahrzeuge oder Maschinensteuerungen integrieren lassen und ein zuverl\u00e4ssiger Weiterbetrieb gew\u00e4hrleistet ist.<\/p>\t\t\t\t\t\t\t\t<\/div>\n\t\t\t\t<\/div>\n\t\t\t\t<\/div>\n\t\t\t\t\t<\/div>\n\t\t\t\t<\/section>\n\t\t\t\t<\/div>","protected":false},"excerpt":{"rendered":"<p>Massgeschneiderte L\u00f6sungen f\u00fcranspruchsvolle Projekte Wir entwickeln Anzeigen- und Displayl\u00f6sungen, die genau auf Ihre Anforderungen abgestimmt sind \u2013 pr\u00e4zise, innovativ und zuverl\u00e4ssig. Ob spezielle Konstruktionen, individuelle Anpassungen oder komplette Neuentwicklungen: unsere L\u00f6sungen kommen zu Einsatz, wenn mehr als Standarddisplays gefordert sind. Wir unterst\u00fctzen Sie auf Wunsch bei der Entwicklung und Produktdefinition, begleiten Sie bei der Umsetzung [&hellip;]<\/p>\n","protected":false},"author":5,"featured_media":0,"parent":3330,"menu_order":0,"comment_status":"closed","ping_status":"closed","template":"","meta":{"_acf_changed":false,"footnotes":""},"categories":[],"class_list":["post-4603","page","type-page","status-publish","hentry"],"acf":[],"_links":{"self":[{"href":"https:\/\/aditech.staging1.net\/fr\/wp-json\/wp\/v2\/pages\/4603","targetHints":{"allow":["GET"]}}],"collection":[{"href":"https:\/\/aditech.staging1.net\/fr\/wp-json\/wp\/v2\/pages"}],"about":[{"href":"https:\/\/aditech.staging1.net\/fr\/wp-json\/wp\/v2\/types\/page"}],"author":[{"embeddable":true,"href":"https:\/\/aditech.staging1.net\/fr\/wp-json\/wp\/v2\/users\/5"}],"replies":[{"embeddable":true,"href":"https:\/\/aditech.staging1.net\/fr\/wp-json\/wp\/v2\/comments?post=4603"}],"version-history":[{"count":35,"href":"https:\/\/aditech.staging1.net\/fr\/wp-json\/wp\/v2\/pages\/4603\/revisions"}],"predecessor-version":[{"id":5695,"href":"https:\/\/aditech.staging1.net\/fr\/wp-json\/wp\/v2\/pages\/4603\/revisions\/5695"}],"up":[{"embeddable":true,"href":"https:\/\/aditech.staging1.net\/fr\/wp-json\/wp\/v2\/pages\/3330"}],"wp:attachment":[{"href":"https:\/\/aditech.staging1.net\/fr\/wp-json\/wp\/v2\/media?parent=4603"}],"wp:term":[{"taxonomy":"category","embeddable":true,"href":"https:\/\/aditech.staging1.net\/fr\/wp-json\/wp\/v2\/categories?post=4603"}],"curies":[{"name":"wp","href":"https:\/\/api.w.org\/{rel}","templated":true}]}}