{"id":4470,"date":"2026-03-02T15:10:32","date_gmt":"2026-03-02T14:10:32","guid":{"rendered":"https:\/\/aditech.staging1.net\/?page_id=4470"},"modified":"2026-03-16T17:50:54","modified_gmt":"2026-03-16T16:50:54","slug":"zugzielanzeiger-in-led","status":"publish","type":"page","link":"https:\/\/aditech.staging1.net\/fr\/produkte\/zugzielanzeiger-in-led\/","title":{"rendered":"Indicateurs de destination des trains en LED"},"content":{"rendered":"<div data-elementor-type=\"wp-page\" data-elementor-id=\"4470\" class=\"elementor elementor-4470\" data-elementor-post-type=\"page\">\n\t\t\t\t<section class=\"elementor-element elementor-element-60fb446 e-con-full e-flex e-con e-parent\" data-id=\"60fb446\" data-element_type=\"container\" data-e-type=\"container\">\n\t\t\t\t<div class=\"elementor-element elementor-element-8e20045 elementor-widget elementor-widget-shortcode\" data-id=\"8e20045\" data-element_type=\"widget\" data-e-type=\"widget\" data-widget_type=\"shortcode.default\">\n\t\t\t\t\t\t\t<div class=\"elementor-shortcode\">\t\t<div data-elementor-type=\"container\" data-elementor-id=\"3989\" class=\"elementor elementor-3989\" data-elementor-post-type=\"elementor_library\">\n\t\t\t\t<div class=\"elementor-element elementor-element-2a5d7fcb section-i e-flex e-con-boxed e-con e-parent\" data-id=\"2a5d7fcb\" data-element_type=\"container\" data-e-type=\"container\" data-settings=\"{&quot;background_background&quot;:&quot;classic&quot;}\">\n\t\t\t\t\t<div class=\"e-con-inner\">\n\t\t\t\t<div class=\"elementor-element elementor-element-46fae91f h2 elementor-widget elementor-widget-heading\" data-id=\"46fae91f\" data-element_type=\"widget\" data-e-type=\"widget\" data-widget_type=\"heading.default\">\n\t\t\t\t\t<h1 class=\"elementor-heading-title elementor-size-default\">Aditech Zugzielanzeiger- Ein Klassiker jetzt in LED-Technologie<\/h1>\t\t\t\t<\/div>\n\t\t\t\t\t<\/div>\n\t\t\t\t<\/div>\n\t\t\t\t<\/div>\n\t\t<\/div>\n\t\t\t\t\t\t<\/div>\n\t\t\t\t<\/section>\n\t\t<section class=\"elementor-element elementor-element-92ae70f section-m e-flex e-con-boxed e-con e-parent\" data-id=\"92ae70f\" data-element_type=\"container\" data-e-type=\"container\">\n\t\t\t\t\t<div class=\"e-con-inner\">\n\t\t\t\t<div class=\"elementor-element elementor-element-3a9b028 hyphens-auto h3 elementor-widget elementor-widget-heading\" data-id=\"3a9b028\" data-element_type=\"widget\" data-e-type=\"widget\" data-widget_type=\"heading.default\">\n\t\t\t\t\t<h2 class=\"elementor-heading-title elementor-size-default\">Zukunftssicher: Der Unkomplizierte\nUmstieg von LCD auf LED<\/h2>\t\t\t\t<\/div>\n\t\t<div class=\"elementor-element elementor-element-fd4aa59 e-grid e-con-full e-con e-child\" data-id=\"fd4aa59\" data-element_type=\"container\" data-e-type=\"container\">\n\t\t\t\t<div class=\"elementor-element elementor-element-92cd89a elementor-widget elementor-widget-text-editor\" data-id=\"92cd89a\" data-element_type=\"widget\" data-e-type=\"widget\" data-widget_type=\"text-editor.default\">\n\t\t\t\t\t\t\t\t\t<p>\u00dcber fast drei Jahrzehnte hinweg waren Zugzielanzeiger mit der LCD- Technologie von ADITECH ein vertrautes Bild auf vielen Bahnsteigen in ganz Europa. Aufgrund der weltweiten Verknappung von Halbleitern sowie des starken R\u00fcckgangs der LCD-Rohglasproduktion f\u00fcr Gro\u00dfanzeigen sah sich ADITECH im April 2024 gezwungen, die LCD-Produktlinie einzustellen.<\/p><p>Unsere zentrale Zielsetzung bei der Entwicklung der neuen LED- Nachfolgeprodukte ist es, unseren Kunden einen reibungslosen und kosteneffizienten Technologiewechsel zu erm\u00f6glichen. Bestehende<\/p><p>LCD-Anzeigen sollen mit minimalem mechanischem Aufwand und geringen Investitionskosten auf moderne LED-Technologie \u00fcberf\u00fchrt werden &#8211; ohne dass sich das gewohnte Erscheinungsbild f\u00fcr den Endnutzer ver\u00e4ndert.<\/p><p>Ein Beispiel hierf\u00fcr ist unser 1:1 LED-Ersatz f\u00fcr das bisher in Zugzielanzeigern eingesetzte 64&#215;96-Dot LCD-Glas. Dieses neue LED-Modul erm\u00f6glicht sowohl die Fortf\u00fchrung laufender Projekte als auch die nachhaltige Weiterverwendung bestehender Bahnsteiginfrastrukturen<\/p>\t\t\t\t\t\t\t\t<\/div>\n\t\t\t\t<\/div>\n\t\t<div class=\"elementor-element elementor-element-6565791 e-grid e-con-full e-con e-child\" data-id=\"6565791\" data-element_type=\"container\" data-e-type=\"container\">\n\t\t\t\t<div class=\"elementor-element elementor-element-0f0e794 elementor-widget elementor-widget-image\" data-id=\"0f0e794\" data-element_type=\"widget\" data-e-type=\"widget\" data-widget_type=\"image.default\">\n\t\t\t\t\t\t\t\t\t\t\t\t<figure class=\"wp-caption\">\n\t\t\t\t\t\t\t\t\t\t<img fetchpriority=\"high\" decoding=\"async\" width=\"1024\" height=\"546\" src=\"https:\/\/aditech.staging1.net\/wp-content\/uploads\/2026\/03\/LCD-1024x546.webp\" class=\"attachment-medium size-medium wp-image-4475\" alt=\"LCD Technologie\" srcset=\"https:\/\/aditech.staging1.net\/wp-content\/uploads\/2026\/03\/LCD-1024x546.webp 1024w, https:\/\/aditech.staging1.net\/wp-content\/uploads\/2026\/03\/LCD-1920x1024.webp 1920w, https:\/\/aditech.staging1.net\/wp-content\/uploads\/2026\/03\/LCD-768x410.webp 768w, https:\/\/aditech.staging1.net\/wp-content\/uploads\/2026\/03\/LCD-1536x819.webp 1536w, https:\/\/aditech.staging1.net\/wp-content\/uploads\/2026\/03\/LCD-2048x1092.webp 2048w\" sizes=\"(max-width: 1024px) 100vw, 1024px\" \/>\t\t\t\t\t\t\t\t\t\t\t<figcaption class=\"widget-image-caption wp-caption-text\">LCD Technologie<\/figcaption>\n\t\t\t\t\t\t\t\t\t\t<\/figure>\n\t\t\t\t\t\t\t\t\t<\/div>\n\t\t\t\t<div class=\"elementor-element elementor-element-daf5cd3 elementor-widget elementor-widget-image\" data-id=\"daf5cd3\" data-element_type=\"widget\" data-e-type=\"widget\" data-widget_type=\"image.default\">\n\t\t\t\t\t\t\t\t\t\t\t\t<figure class=\"wp-caption\">\n\t\t\t\t\t\t\t\t\t\t<img decoding=\"async\" width=\"1024\" height=\"546\" src=\"https:\/\/aditech.staging1.net\/wp-content\/uploads\/2026\/03\/LED-1024x546.webp\" class=\"attachment-medium size-medium wp-image-4476\" alt=\"LED Technologie\" srcset=\"https:\/\/aditech.staging1.net\/wp-content\/uploads\/2026\/03\/LED-1024x546.webp 1024w, https:\/\/aditech.staging1.net\/wp-content\/uploads\/2026\/03\/LED-1920x1024.webp 1920w, https:\/\/aditech.staging1.net\/wp-content\/uploads\/2026\/03\/LED-768x410.webp 768w, https:\/\/aditech.staging1.net\/wp-content\/uploads\/2026\/03\/LED-1536x819.webp 1536w, https:\/\/aditech.staging1.net\/wp-content\/uploads\/2026\/03\/LED-2048x1092.webp 2048w\" sizes=\"(max-width: 1024px) 100vw, 1024px\" \/>\t\t\t\t\t\t\t\t\t\t\t<figcaption class=\"widget-image-caption wp-caption-text\">LED Technologie<\/figcaption>\n\t\t\t\t\t\t\t\t\t\t<\/figure>\n\t\t\t\t\t\t\t\t\t<\/div>\n\t\t\t\t<\/div>\n\t\t\t\t\t<\/div>\n\t\t\t\t<\/section>\n\t\t<section class=\"elementor-element elementor-element-5cffeba5 section-i e-flex e-con-boxed e-con e-parent\" data-id=\"5cffeba5\" data-element_type=\"container\" data-e-type=\"container\" data-settings=\"{&quot;background_background&quot;:&quot;classic&quot;}\">\n\t\t\t\t\t<div class=\"e-con-inner\">\n\t\t\t\t<div class=\"elementor-element elementor-element-65841107 elementor-widget elementor-widget-heading\" data-id=\"65841107\" data-element_type=\"widget\" data-e-type=\"widget\" data-widget_type=\"heading.default\">\n\t\t\t\t\t<h2 class=\"elementor-heading-title elementor-size-default\">1:1 Ersatz in LED-Technologie<\/h2>\t\t\t\t<\/div>\n\t\t\t\t\t<\/div>\n\t\t\t\t<\/section>\n\t\t<section class=\"elementor-element elementor-element-b50552b e-grid e-con-boxed e-con e-parent\" data-id=\"b50552b\" data-element_type=\"container\" data-e-type=\"container\" data-settings=\"{&quot;background_background&quot;:&quot;gradient&quot;}\">\n\t\t\t\t\t<div class=\"e-con-inner\">\n\t\t\t\t<div class=\"elementor-element elementor-element-76cd570 img-fade-left elementor-widget elementor-widget-image\" data-id=\"76cd570\" data-element_type=\"widget\" data-e-type=\"widget\" data-widget_type=\"image.default\">\n\t\t\t\t\t\t\t\t\t\t\t\t\t\t\t<img decoding=\"async\" width=\"800\" height=\"566\" src=\"https:\/\/aditech.staging1.net\/wp-content\/uploads\/2026\/03\/Technik-1920x1358.webp\" class=\"attachment-large size-large wp-image-4477\" alt=\"\" srcset=\"https:\/\/aditech.staging1.net\/wp-content\/uploads\/2026\/03\/Technik-1920x1358.webp 1920w, https:\/\/aditech.staging1.net\/wp-content\/uploads\/2026\/03\/Technik-1024x724.webp 1024w, https:\/\/aditech.staging1.net\/wp-content\/uploads\/2026\/03\/Technik-768x543.webp 768w, https:\/\/aditech.staging1.net\/wp-content\/uploads\/2026\/03\/Technik-1536x1086.webp 1536w, https:\/\/aditech.staging1.net\/wp-content\/uploads\/2026\/03\/Technik-2048x1448.webp 2048w\" sizes=\"(max-width: 800px) 100vw, 800px\" \/>\t\t\t\t\t\t\t\t\t\t\t\t\t\t\t<\/div>\n\t\t<div class=\"elementor-element elementor-element-8e686bc e-con-full section-xs e-flex e-con e-child\" data-id=\"8e686bc\" data-element_type=\"container\" data-e-type=\"container\" data-settings=\"{&quot;background_background&quot;:&quot;gradient&quot;}\">\n\t\t\t\t<div class=\"elementor-element elementor-element-9f2d0b2 h4 elementor-widget elementor-widget-heading\" data-id=\"9f2d0b2\" data-element_type=\"widget\" data-e-type=\"widget\" data-widget_type=\"heading.default\">\n\t\t\t\t\t<h3 class=\"elementor-heading-title elementor-size-default\">Vorteile auf einen Blick:<\/h3>\t\t\t\t<\/div>\n\t\t\t\t<div class=\"elementor-element elementor-element-e8490c1 elementor-widget-divider--view-line elementor-widget elementor-widget-divider\" data-id=\"e8490c1\" data-element_type=\"widget\" data-e-type=\"widget\" data-widget_type=\"divider.default\">\n\t\t\t\t\t\t\t<div class=\"elementor-divider\">\n\t\t\t<span class=\"elementor-divider-separator\">\n\t\t\t\t\t\t<\/span>\n\t\t<\/div>\n\t\t\t\t\t\t<\/div>\n\t\t\t\t<div class=\"elementor-element elementor-element-b77db4c text-s adt-list-simple elementor-widget elementor-widget-text-editor\" data-id=\"b77db4c\" data-element_type=\"widget\" data-e-type=\"widget\" data-widget_type=\"text-editor.default\">\n\t\t\t\t\t\t\t\t\t<ul><li class=\"p1\"><p>1:1 Ersatz der herk\u00f6mmlichen LCD-Gl\u00e4ser durch LED-Module<\/p><\/li><li class=\"p1\"><p>mechanisch kompatibel, da gleiche Au\u00dfenabmessungen<\/p><\/li><li class=\"p1\"><p>identische Aufl\u00f6sung<\/p><\/li><li class=\"p1\"><p>Einbau in bestehende LCD-Anzeigengeh\u00e4use m\u00f6glich<\/p><\/li><li class=\"p1\"><p>Ansteuerung verf\u00fcgbar<\/p><\/li><\/ul>\t\t\t\t\t\t\t\t<\/div>\n\t\t\t\t<\/div>\n\t\t\t\t\t<\/div>\n\t\t\t\t<\/section>\n\t\t<section class=\"elementor-element elementor-element-c3a6a5c section-m e-flex e-con-boxed e-con e-parent\" data-id=\"c3a6a5c\" data-element_type=\"container\" data-e-type=\"container\">\n\t\t\t\t\t<div class=\"e-con-inner\">\n\t\t\t\t<div class=\"elementor-element elementor-element-6a2ed2d h4 elementor-widget elementor-widget-heading\" data-id=\"6a2ed2d\" data-element_type=\"widget\" data-e-type=\"widget\" data-widget_type=\"heading.default\">\n\t\t\t\t\t<h2 class=\"elementor-heading-title elementor-size-default\">Abk\u00fcndigung der LCD-Technologie - So geht es weiter<\/h2>\t\t\t\t<\/div>\n\t\t<div class=\"elementor-element elementor-element-d44cc81 e-grid e-con-boxed e-con e-child\" data-id=\"d44cc81\" data-element_type=\"container\" data-e-type=\"container\">\n\t\t\t\t\t<div class=\"e-con-inner\">\n\t\t<div class=\"elementor-element elementor-element-7cf721e e-con-full e-flex e-con e-child\" data-id=\"7cf721e\" data-element_type=\"container\" data-e-type=\"container\">\n\t\t\t\t<div class=\"elementor-element elementor-element-53f84c0 elementor-widget elementor-widget-image\" data-id=\"53f84c0\" data-element_type=\"widget\" data-e-type=\"widget\" data-widget_type=\"image.default\">\n\t\t\t\t\t\t\t\t\t\t\t\t\t\t\t<img loading=\"lazy\" decoding=\"async\" width=\"800\" height=\"360\" src=\"https:\/\/aditech.staging1.net\/wp-content\/uploads\/2026\/03\/Bildschirmfoto-2025-12-01-um-21.22.28-1920x864.webp\" class=\"attachment-large size-large wp-image-4478\" alt=\"\" srcset=\"https:\/\/aditech.staging1.net\/wp-content\/uploads\/2026\/03\/Bildschirmfoto-2025-12-01-um-21.22.28-1920x864.webp 1920w, https:\/\/aditech.staging1.net\/wp-content\/uploads\/2026\/03\/Bildschirmfoto-2025-12-01-um-21.22.28-1024x461.webp 1024w, https:\/\/aditech.staging1.net\/wp-content\/uploads\/2026\/03\/Bildschirmfoto-2025-12-01-um-21.22.28-768x346.webp 768w, https:\/\/aditech.staging1.net\/wp-content\/uploads\/2026\/03\/Bildschirmfoto-2025-12-01-um-21.22.28-1536x691.webp 1536w, https:\/\/aditech.staging1.net\/wp-content\/uploads\/2026\/03\/Bildschirmfoto-2025-12-01-um-21.22.28-2048x922.webp 2048w\" sizes=\"(max-width: 800px) 100vw, 800px\" \/>\t\t\t\t\t\t\t\t\t\t\t\t\t\t\t<\/div>\n\t\t\t\t<div class=\"elementor-element elementor-element-71b28e9 elementor-widget elementor-widget-text-editor\" data-id=\"71b28e9\" data-element_type=\"widget\" data-e-type=\"widget\" data-widget_type=\"text-editor.default\">\n\t\t\t\t\t\t\t\t\t<p>Keine Serienproduktion mehr von herk\u00f6mmlichen\u00a0LCD-Gro\u00dfanzeigen<\/p>\t\t\t\t\t\t\t\t<\/div>\n\t\t\t\t<\/div>\n\t\t<div class=\"elementor-element elementor-element-668e339 e-con-full e-flex e-con e-child\" data-id=\"668e339\" data-element_type=\"container\" data-e-type=\"container\">\n\t\t\t\t<div class=\"elementor-element elementor-element-df4d577 elementor-widget elementor-widget-image\" data-id=\"df4d577\" data-element_type=\"widget\" data-e-type=\"widget\" data-widget_type=\"image.default\">\n\t\t\t\t\t\t\t\t\t\t\t\t\t\t\t<img loading=\"lazy\" decoding=\"async\" width=\"48\" height=\"48\" src=\"https:\/\/aditech.staging1.net\/wp-content\/uploads\/2026\/03\/build_100dp_1F1F1F_FILL0_wght200_GRAD0_opsz48.svg\" class=\"attachment-large size-large wp-image-4479\" alt=\"\" \/>\t\t\t\t\t\t\t\t\t\t\t\t\t\t\t<\/div>\n\t\t\t\t<div class=\"elementor-element elementor-element-4e9879d elementor-widget elementor-widget-text-editor\" data-id=\"4e9879d\" data-element_type=\"widget\" data-e-type=\"widget\" data-widget_type=\"text-editor.default\">\n\t\t\t\t\t\t\t\t\t<p>Ersatzteile f\u00fcr einzelne\u00a0Produktreihen sind weiterhin lieferbar<\/p>\t\t\t\t\t\t\t\t<\/div>\n\t\t\t\t<\/div>\n\t\t<div class=\"elementor-element elementor-element-98208db e-con-full e-flex e-con e-child\" data-id=\"98208db\" data-element_type=\"container\" data-e-type=\"container\">\n\t\t\t\t<div class=\"elementor-element elementor-element-eaaf501 elementor-widget elementor-widget-image\" data-id=\"eaaf501\" data-element_type=\"widget\" data-e-type=\"widget\" data-widget_type=\"image.default\">\n\t\t\t\t\t\t\t\t\t\t\t\t\t\t\t<img loading=\"lazy\" decoding=\"async\" width=\"48\" height=\"48\" src=\"https:\/\/aditech.staging1.net\/wp-content\/uploads\/2026\/03\/search_400dp_000000_FILL0_wght200_GRAD0_opsz48.svg\" class=\"attachment-large size-large wp-image-4480\" alt=\"\" \/>\t\t\t\t\t\t\t\t\t\t\t\t\t\t\t<\/div>\n\t\t\t\t<div class=\"elementor-element elementor-element-dea6270 elementor-widget elementor-widget-text-editor\" data-id=\"dea6270\" data-element_type=\"widget\" data-e-type=\"widget\" data-widget_type=\"text-editor.default\">\n\t\t\t\t\t\t\t\t\t<p>Entwicklung von Nachfolgeprodukten in LED-Technologie f\u00fcr viele Einsatzbereiche<\/p>\t\t\t\t\t\t\t\t<\/div>\n\t\t\t\t<\/div>\n\t\t\t\t\t<\/div>\n\t\t\t\t<\/div>\n\t\t\t\t\t<\/div>\n\t\t\t\t<\/section>\n\t\t\t\t<\/div>","protected":false},"excerpt":{"rendered":"<p>Zukunftssicher: Der Unkomplizierte Umstieg von LCD auf LED \u00dcber fast drei Jahrzehnte hinweg waren Zugzielanzeiger mit der LCD- Technologie von ADITECH ein vertrautes Bild auf vielen Bahnsteigen in ganz Europa. Aufgrund der weltweiten Verknappung von Halbleitern sowie des starken R\u00fcckgangs der LCD-Rohglasproduktion f\u00fcr Gro\u00dfanzeigen sah sich ADITECH im April 2024 gezwungen, die LCD-Produktlinie einzustellen. Unsere [&hellip;]<\/p>\n","protected":false},"author":5,"featured_media":4473,"parent":3330,"menu_order":0,"comment_status":"closed","ping_status":"closed","template":"","meta":{"_acf_changed":false,"footnotes":""},"categories":[],"class_list":["post-4470","page","type-page","status-publish","has-post-thumbnail","hentry"],"acf":[],"_links":{"self":[{"href":"https:\/\/aditech.staging1.net\/fr\/wp-json\/wp\/v2\/pages\/4470","targetHints":{"allow":["GET"]}}],"collection":[{"href":"https:\/\/aditech.staging1.net\/fr\/wp-json\/wp\/v2\/pages"}],"about":[{"href":"https:\/\/aditech.staging1.net\/fr\/wp-json\/wp\/v2\/types\/page"}],"author":[{"embeddable":true,"href":"https:\/\/aditech.staging1.net\/fr\/wp-json\/wp\/v2\/users\/5"}],"replies":[{"embeddable":true,"href":"https:\/\/aditech.staging1.net\/fr\/wp-json\/wp\/v2\/comments?post=4470"}],"version-history":[{"count":35,"href":"https:\/\/aditech.staging1.net\/fr\/wp-json\/wp\/v2\/pages\/4470\/revisions"}],"predecessor-version":[{"id":5638,"href":"https:\/\/aditech.staging1.net\/fr\/wp-json\/wp\/v2\/pages\/4470\/revisions\/5638"}],"up":[{"embeddable":true,"href":"https:\/\/aditech.staging1.net\/fr\/wp-json\/wp\/v2\/pages\/3330"}],"wp:featuredmedia":[{"embeddable":true,"href":"https:\/\/aditech.staging1.net\/fr\/wp-json\/wp\/v2\/media\/4473"}],"wp:attachment":[{"href":"https:\/\/aditech.staging1.net\/fr\/wp-json\/wp\/v2\/media?parent=4470"}],"wp:term":[{"taxonomy":"category","embeddable":true,"href":"https:\/\/aditech.staging1.net\/fr\/wp-json\/wp\/v2\/categories?post=4470"}],"curies":[{"name":"wp","href":"https:\/\/api.w.org\/{rel}","templated":true}]}}