{"id":4126,"date":"2026-03-02T05:59:43","date_gmt":"2026-03-02T04:59:43","guid":{"rendered":"https:\/\/aditech.staging1.net\/?page_id=4126"},"modified":"2026-03-16T18:53:43","modified_gmt":"2026-03-16T17:53:43","slug":"a-propos-de-nous","status":"publish","type":"page","link":"https:\/\/aditech.staging1.net\/fr\/a-propos-de-nous\/","title":{"rendered":"\u00c0 propos de nous"},"content":{"rendered":"<div data-elementor-type=\"wp-page\" data-elementor-id=\"4126\" class=\"elementor elementor-4126\" data-elementor-post-type=\"page\">\n\t\t\t\t<section class=\"elementor-element elementor-element-2ae03534 e-con-full e-flex e-con e-parent\" data-id=\"2ae03534\" data-element_type=\"container\" data-e-type=\"container\">\n\t\t\t\t<div class=\"elementor-element elementor-element-47f1cd7e elementor-widget elementor-widget-shortcode\" data-id=\"47f1cd7e\" data-element_type=\"widget\" data-e-type=\"widget\" data-widget_type=\"shortcode.default\">\n\t\t\t\t\t\t\t<div class=\"elementor-shortcode\">\t\t<div data-elementor-type=\"container\" data-elementor-id=\"3989\" class=\"elementor elementor-3989\" data-elementor-post-type=\"elementor_library\">\n\t\t\t\t<div class=\"elementor-element elementor-element-2a5d7fcb section-i e-flex e-con-boxed e-con e-parent\" data-id=\"2a5d7fcb\" data-element_type=\"container\" data-e-type=\"container\" data-settings=\"{&quot;background_background&quot;:&quot;classic&quot;}\">\n\t\t\t\t\t<div class=\"e-con-inner\">\n\t\t\t\t<div class=\"elementor-element elementor-element-46fae91f h2 elementor-widget elementor-widget-heading\" data-id=\"46fae91f\" data-element_type=\"widget\" data-e-type=\"widget\" data-widget_type=\"heading.default\">\n\t\t\t\t\t<h1 class=\"elementor-heading-title elementor-size-default\">\u00c0 propos de nous<\/h1>\t\t\t\t<\/div>\n\t\t\t\t\t<\/div>\n\t\t\t\t<\/div>\n\t\t\t\t<\/div>\n\t\t<\/div>\n\t\t\t\t\t\t<\/div>\n\t\t\t\t<\/section>\n\t\t<div class=\"elementor-element elementor-element-cf1d0b2 e-flex e-con-boxed e-con e-parent\" data-id=\"cf1d0b2\" data-element_type=\"container\" data-e-type=\"container\">\n\t\t\t\t\t<div class=\"e-con-inner\">\n\t\t<div class=\"elementor-element elementor-element-29e84ac e-con-full e-flex e-con e-child\" data-id=\"29e84ac\" data-element_type=\"container\" data-e-type=\"container\">\n\t\t<div class=\"elementor-element elementor-element-3c76f8d e-flex e-con-boxed e-con e-child\" data-id=\"3c76f8d\" data-element_type=\"container\" data-e-type=\"container\">\n\t\t\t\t\t<div class=\"e-con-inner\">\n\t\t\t\t<div class=\"elementor-element elementor-element-9ae14b6 h4 elementor-widget elementor-widget-heading\" data-id=\"9ae14b6\" data-element_type=\"widget\" data-e-type=\"widget\" data-widget_type=\"heading.default\">\n\t\t\t\t\t<h2 class=\"elementor-heading-title elementor-size-default\">Aditech - Une technologie d'affichage qui a de l'exp\u00e9rience et de l'avenir<\/h2>\t\t\t\t<\/div>\n\t\t\t\t<div class=\"elementor-element elementor-element-3df0ef3 text-l elementor-widget elementor-widget-text-editor\" data-id=\"3df0ef3\" data-element_type=\"widget\" data-e-type=\"widget\" data-widget_type=\"text-editor.default\">\n\t\t\t\t\t\t\t\t\t<p>En tant qu'entreprise familiale, nous mettons l'accent sur la qualit\u00e9 depuis le d\u00e9but.\u00a0<span style=\"text-wrap-mode: initial;\">g\u00e9n\u00e9rations, nous accordons une grande importance \u00e0 la confiance, \u00e0 la qualit\u00e9 et \u00e0 la collaboration partenariale. Avec des technologies innovantes, nous fa\u00e7onnons l'avenir de\u00a0<\/span><span style=\"text-wrap-mode: initial;\">Syst\u00e8mes d'information - fiables, durables et personnalis\u00e9s.<\/span><\/p>\t\t\t\t\t\t\t\t<\/div>\n\t\t\t\t\t<\/div>\n\t\t\t\t<\/div>\n\t\t\t\t<\/div>\n\t\t<div class=\"elementor-element elementor-element-415875c e-con-full e-flex e-con e-child\" data-id=\"415875c\" data-element_type=\"container\" data-e-type=\"container\" data-settings=\"{&quot;background_background&quot;:&quot;classic&quot;}\">\n\t\t\t\t<div class=\"elementor-element elementor-element-3ed9454 img-fade-right elementor-widget elementor-widget-image\" data-id=\"3ed9454\" data-element_type=\"widget\" data-e-type=\"widget\" data-widget_type=\"image.default\">\n\t\t\t\t\t\t\t\t\t\t\t\t\t\t\t<img fetchpriority=\"high\" decoding=\"async\" width=\"800\" height=\"716\" src=\"https:\/\/aditech.staging1.net\/wp-content\/uploads\/2026\/03\/Ueber-uns_2-1920x1718.webp\" class=\"attachment-large size-large wp-image-4137\" alt=\"\" srcset=\"https:\/\/aditech.staging1.net\/wp-content\/uploads\/2026\/03\/Ueber-uns_2-1920x1718.webp 1920w, https:\/\/aditech.staging1.net\/wp-content\/uploads\/2026\/03\/Ueber-uns_2-1024x916.webp 1024w, https:\/\/aditech.staging1.net\/wp-content\/uploads\/2026\/03\/Ueber-uns_2-768x687.webp 768w, https:\/\/aditech.staging1.net\/wp-content\/uploads\/2026\/03\/Ueber-uns_2-1536x1374.webp 1536w, https:\/\/aditech.staging1.net\/wp-content\/uploads\/2026\/03\/Ueber-uns_2-2048x1832.webp 2048w\" sizes=\"(max-width: 800px) 100vw, 800px\" \/>\t\t\t\t\t\t\t\t\t\t\t\t\t\t\t<\/div>\n\t\t\t\t<\/div>\n\t\t\t\t\t<\/div>\n\t\t\t\t<\/div>\n\t\t<div class=\"elementor-element elementor-element-380cc69 e-grid section-l e-con-boxed e-con e-parent\" data-id=\"380cc69\" data-element_type=\"container\" data-e-type=\"container\" data-settings=\"{&quot;background_background&quot;:&quot;gradient&quot;}\">\n\t\t\t\t\t<div class=\"e-con-inner\">\n\t\t\t\t<div class=\"elementor-element elementor-element-4e3959c elementor-absolute elementor-widget elementor-widget-image\" data-id=\"4e3959c\" data-element_type=\"widget\" data-e-type=\"widget\" data-settings=\"{&quot;_position&quot;:&quot;absolute&quot;}\" data-widget_type=\"image.default\">\n\t\t\t\t\t\t\t\t\t\t\t\t\t\t\t<img decoding=\"async\" width=\"800\" height=\"535\" src=\"https:\/\/aditech.staging1.net\/wp-content\/uploads\/2026\/03\/AdobeStock_139910545-1920x1283.webp\" class=\"attachment-large size-large wp-image-4135\" alt=\"\" srcset=\"https:\/\/aditech.staging1.net\/wp-content\/uploads\/2026\/03\/AdobeStock_139910545-1920x1283.webp 1920w, https:\/\/aditech.staging1.net\/wp-content\/uploads\/2026\/03\/AdobeStock_139910545-1024x684.webp 1024w, https:\/\/aditech.staging1.net\/wp-content\/uploads\/2026\/03\/AdobeStock_139910545-768x513.webp 768w, https:\/\/aditech.staging1.net\/wp-content\/uploads\/2026\/03\/AdobeStock_139910545-1536x1026.webp 1536w, https:\/\/aditech.staging1.net\/wp-content\/uploads\/2026\/03\/AdobeStock_139910545-2048x1368.webp 2048w\" sizes=\"(max-width: 800px) 100vw, 800px\" \/>\t\t\t\t\t\t\t\t\t\t\t\t\t\t\t<\/div>\n\t\t<div class=\"elementor-element elementor-element-2695a3c e-con-full e-flex e-con e-child\" data-id=\"2695a3c\" data-element_type=\"container\" data-e-type=\"container\">\n\t\t\t\t<div class=\"elementor-element elementor-element-e11ec6c h4 elementor-widget elementor-widget-heading\" data-id=\"e11ec6c\" data-element_type=\"widget\" data-e-type=\"widget\" data-widget_type=\"heading.default\">\n\t\t\t\t\t<h2 class=\"elementor-heading-title elementor-size-default\">Comp\u00e9tence technologique depuis 1993<\/h2>\t\t\t\t<\/div>\n\t\t\t\t<div class=\"elementor-element elementor-element-72bf691 elementor-widget elementor-widget-text-editor\" data-id=\"72bf691\" data-element_type=\"widget\" data-e-type=\"widget\" data-widget_type=\"text-editor.default\">\n\t\t\t\t\t\t\t\t\t<p>ADITECH Fl\u00fcssigkristallanzeigen GmbH a \u00e9t\u00e9 fond\u00e9e en 1993 par le Dr Gernot Schauer et Hermann Holz. Les deux fondateurs disposaient d\u00e9j\u00e0 de sept ans d'exp\u00e9rience commune dans le secteur des \u00e9crans LCD et ont pos\u00e9, gr\u00e2ce \u00e0 leur expertise, la premi\u00e8re pierre du d\u00e9veloppement r\u00e9ussi de l'entreprise. Un an seulement apr\u00e8s sa cr\u00e9ation, ADITECH s'\u00e9tait d\u00e9j\u00e0 solidement \u00e9tablie sur le march\u00e9.<\/p>\t\t\t\t\t\t\t\t<\/div>\n\t\t\t\t<div class=\"elementor-element elementor-element-70c4681 h4 elementor-widget elementor-widget-heading\" data-id=\"70c4681\" data-element_type=\"widget\" data-e-type=\"widget\" data-widget_type=\"heading.default\">\n\t\t\t\t\t<h2 class=\"elementor-heading-title elementor-size-default\">Bade-Wurtemberg - le pays des\nPenseurs, bricoleurs et inventeurs<\/h2>\t\t\t\t<\/div>\n\t\t\t\t<div class=\"elementor-element elementor-element-9d4f90e elementor-widget elementor-widget-text-editor\" data-id=\"9d4f90e\" data-element_type=\"widget\" data-e-type=\"widget\" data-widget_type=\"text-editor.default\">\n\t\t\t\t\t\t\t\t\t<p>Le si\u00e8ge de l'entreprise se trouve \u00e0 Heidenheim an der Brenz - une ville d'environ 50 000 habitants situ\u00e9e \u00e0 l'est du Bade-Wurtemberg, au bord du Jura souabe et directement \u00e0 c\u00f4t\u00e9 de l'autoroute A7 (Ulm-W\u00fcrzburg). Apr\u00e8s cinq ann\u00e9es pass\u00e9es dans le centre de technologie et de cr\u00e9ation d'entreprises de Heidenheim, ADITECH a d\u00e9m\u00e9nag\u00e9 en 1998 dans son propre b\u00e2timent d'entreprise \u00e0 l'ouest de la ville. Sur une surface de production de 1.200 m2, une trentaine de collaborateurs d\u00e9veloppent et fabriquent aujourd'hui des solutions sp\u00e9cifiques pour de nombreux clients de renom dans toute l'Europe. Depuis de nombreuses ann\u00e9es, ADITECH compte parmi les principaux fabricants de technologies d'affichage pour les syst\u00e8mes d'information des passagers et du trafic.<\/p>\t\t\t\t\t\t\t\t<\/div>\n\t\t\t\t<\/div>\n\t\t<div class=\"elementor-element elementor-element-a18b7cc e-con-full e-flex e-con e-child\" data-id=\"a18b7cc\" data-element_type=\"container\" data-e-type=\"container\">\n\t\t\t\t<div class=\"elementor-element elementor-element-673f06b h4 elementor-widget elementor-widget-heading\" data-id=\"673f06b\" data-element_type=\"widget\" data-e-type=\"widget\" data-widget_type=\"heading.default\">\n\t\t\t\t\t<h2 class=\"elementor-heading-title elementor-size-default\">Changement de g\u00e9n\u00e9ration et\nGestion d'entreprise<\/h2>\t\t\t\t<\/div>\n\t\t\t\t<div class=\"elementor-element elementor-element-54a788f adt-list-normal elementor-widget elementor-widget-text-editor\" data-id=\"54a788f\" data-element_type=\"widget\" data-e-type=\"widget\" data-widget_type=\"text-editor.default\">\n\t\t\t\t\t\t\t\t\t<p>En ao\u00fbt 2021, l'entreprise a \u00e9t\u00e9 transmise \u00e0 deux enfants du cofondateur Hermann Holz et a ainsi \u00e9t\u00e9 transmise avec succ\u00e8s \u00e0 la g\u00e9n\u00e9ration suivante.<\/p><ul><li><strong>D\u00f6rte Holz (Dipl. Kff.)<\/strong> travaille dans l'entreprise depuis 2012. Apr\u00e8s avoir travaill\u00e9 dans la distribution et la gestion des produits, elle fait partie de la direction depuis 2018. Elle est aujourd'hui responsable de l'ensemble du secteur commercial et de la distribution.<\/li><li><strong>Heiko Holz (Ing\u00e9nieur dipl\u00f4m\u00e9)<\/strong> a renforc\u00e9 l'\u00e9quipe en 2021 et a repris le d\u00e9partement de d\u00e9veloppement. Depuis la reprise de l'entreprise, il dirige en outre les d\u00e9partements production, assurance qualit\u00e9 et informatique.<\/li><li><strong>Hermann Holz (Ing\u00e9nieur dipl\u00f4m\u00e9 en \u00e9conomie)<\/strong> reste dans l'entreprise en tant que consultant et fond\u00e9 de pouvoir et soutient la nouvelle direction avec sa longue expertise du secteur.<\/li><\/ul>\t\t\t\t\t\t\t\t<\/div>\n\t\t\t\t<div class=\"elementor-element elementor-element-898f56c elementor-widget elementor-widget-image\" data-id=\"898f56c\" data-element_type=\"widget\" data-e-type=\"widget\" data-widget_type=\"image.default\">\n\t\t\t\t\t\t\t\t\t\t\t\t\t\t\t<img decoding=\"async\" width=\"810\" height=\"615\" src=\"https:\/\/aditech.staging1.net\/wp-content\/uploads\/2026\/03\/big_Leistungen_Erfahrung_1.webp\" class=\"attachment-medium size-medium wp-image-4136\" alt=\"\" srcset=\"https:\/\/aditech.staging1.net\/wp-content\/uploads\/2026\/03\/big_Leistungen_Erfahrung_1.webp 810w, https:\/\/aditech.staging1.net\/wp-content\/uploads\/2026\/03\/big_Leistungen_Erfahrung_1-768x583.webp 768w\" sizes=\"(max-width: 810px) 100vw, 810px\" \/>\t\t\t\t\t\t\t\t\t\t\t\t\t\t\t<\/div>\n\t\t<div class=\"elementor-element elementor-element-3247038 e-con-full section-xs e-flex e-con e-child\" data-id=\"3247038\" data-element_type=\"container\" data-e-type=\"container\" data-settings=\"{&quot;background_background&quot;:&quot;gradient&quot;}\">\n\t\t\t\t<div class=\"elementor-element elementor-element-fb534c4 h4 elementor-widget elementor-widget-heading\" data-id=\"fb534c4\" data-element_type=\"widget\" data-e-type=\"widget\" data-widget_type=\"heading.default\">\n\t\t\t\t\t<h2 class=\"elementor-heading-title elementor-size-default\">Changement de technologie\net nouvelles lignes de produits<\/h2>\t\t\t\t<\/div>\n\t\t\t\t<div class=\"elementor-element elementor-element-50051c2 adt-list-normal elementor-widget elementor-widget-text-editor\" data-id=\"50051c2\" data-element_type=\"widget\" data-e-type=\"widget\" data-widget_type=\"text-editor.default\">\n\t\t\t\t\t\t\t\t\t<p>Le changement de g\u00e9n\u00e9ration s'accompagne d'un changement de technologie cons\u00e9quent : en 2024, la technologie LCD classique a \u00e9t\u00e9 abandonn\u00e9e en raison de la baisse de la demande et de la situation difficile des mati\u00e8res premi\u00e8res. Parall\u00e8lement, ADITECH poursuit activement le d\u00e9veloppement de nouvelles technologies :<\/p><ul><li>Vaste gamme d'\u00e9crans TFT modernes<\/li><li>Depuis 2022, d\u00e9veloppement et production d'affichages LED sp\u00e9cifiques aux clients, en particulier pour les syst\u00e8mes d'information des passagers, des transports et des villes.<\/li><li>Des solutions mat\u00e9rielles et logicielles innovantes qui soutiennent le passage de la technologie LCD \u00e0 la technologie LED<\/li><\/ul><p>ADITECH reste ainsi un partenaire fiable pour les technologies d'affichage innovantes - aujourd'hui et demain.<\/p>\t\t\t\t\t\t\t\t<\/div>\n\t\t\t\t<\/div>\n\t\t\t\t<\/div>\n\t\t\t\t\t<\/div>\n\t\t\t\t<\/div>\n\t\t<div class=\"elementor-element elementor-element-ef0b3c8 e-grid section-xs e-con-boxed e-con e-parent\" data-id=\"ef0b3c8\" data-element_type=\"container\" data-e-type=\"container\" data-settings=\"{&quot;background_background&quot;:&quot;classic&quot;}\">\n\t\t\t\t\t<div class=\"e-con-inner\">\n\t\t<div class=\"elementor-element elementor-element-2160e15 e-con-full e-flex e-con e-child\" data-id=\"2160e15\" data-element_type=\"container\" data-e-type=\"container\">\n\t\t\t\t<\/div>\n\t\t<div class=\"elementor-element elementor-element-65421aa e-con-full e-flex e-con e-child\" data-id=\"65421aa\" data-element_type=\"container\" data-e-type=\"container\">\n\t\t\t\t<div class=\"elementor-element elementor-element-e534611 elementor-widget-divider--view-line elementor-widget elementor-widget-divider\" data-id=\"e534611\" data-element_type=\"widget\" data-e-type=\"widget\" data-widget_type=\"divider.default\">\n\t\t\t\t\t\t\t<div class=\"elementor-divider\">\n\t\t\t<span class=\"elementor-divider-separator\">\n\t\t\t\t\t\t<\/span>\n\t\t<\/div>\n\t\t\t\t\t\t<\/div>\n\t\t\t\t<div class=\"elementor-element elementor-element-b46cf66 h4 elementor-widget elementor-widget-heading\" data-id=\"b46cf66\" data-element_type=\"widget\" data-e-type=\"widget\" data-widget_type=\"heading.default\">\n\t\t\t\t\t<h2 class=\"elementor-heading-title elementor-size-default\">Certificats<\/h2>\t\t\t\t<\/div>\n\t\t\t\t<div class=\"elementor-element elementor-element-390f8fb elementor-widget elementor-widget-text-editor\" data-id=\"390f8fb\" data-element_type=\"widget\" data-e-type=\"widget\" data-widget_type=\"text-editor.default\">\n\t\t\t\t\t\t\t\t\t<p>Nous sommes certifi\u00e9s ISO 9001 depuis 2001 et ISO 14001 pour la gestion de l'environnement depuis 2008.<\/p>\t\t\t\t\t\t\t\t<\/div>\n\t\t\t\t<div class=\"elementor-element elementor-element-2b48efd elementor-widget-divider--view-line elementor-widget elementor-widget-divider\" data-id=\"2b48efd\" data-element_type=\"widget\" data-e-type=\"widget\" data-widget_type=\"divider.default\">\n\t\t\t\t\t\t\t<div class=\"elementor-divider\">\n\t\t\t<span class=\"elementor-divider-separator\">\n\t\t\t\t\t\t<\/span>\n\t\t<\/div>\n\t\t\t\t\t\t<\/div>\n\t\t\t\t<div class=\"elementor-element elementor-element-92be10a btn-1 elementor-widget elementor-widget-button\" data-id=\"92be10a\" data-element_type=\"widget\" data-e-type=\"widget\" data-widget_type=\"button.default\">\n\t\t\t\t\t\t\t\t\t\t<a class=\"elementor-button elementor-button-link elementor-size-sm\" href=\"https:\/\/aditech.staging1.net\/fr\/meilensteine\/\">\n\t\t\t\t\t\t<span class=\"elementor-button-content-wrapper\">\n\t\t\t\t\t\t<span class=\"elementor-button-icon\">\n\t\t\t\t<svg xmlns=\"http:\/\/www.w3.org\/2000\/svg\" height=\"24px\" viewbox=\"0 -960 960 960\" width=\"24px\" fill=\"#ffffff\"><path d=\"m320-116-34-34 330-330-330-330 34-34 364 364-364 364Z\"><\/path><\/svg>\t\t\t<\/span>\n\t\t\t\t\t\t\t\t\t<span class=\"elementor-button-text\">Vers les \u00e9tapes cl\u00e9s<\/span>\n\t\t\t\t\t<\/span>\n\t\t\t\t\t<\/a>\n\t\t\t\t\t\t\t\t<\/div>\n\t\t\t\t<\/div>\n\t\t\t\t\t<\/div>\n\t\t\t\t<\/div>\n\t\t\t\t<\/div>","protected":false},"excerpt":{"rendered":"<p>Aditech \u2013 Display-Technologie mit Erfarhrung und Zukunft Als familiengef\u00fchrtes Unternehmen legen wir seit\u00a0Generationen Wert auf Vertrauen, Qualit\u00e4t und partnerschaftliche Zusammenarbeit. Mit innovativen Technologien gestalten wir die Zukunft der\u00a0Informationssysteme &#8211; zuverl\u00e4ssig, nachhaltig und individuell. Technologiekompetenz seit 1993 Die ADITECH Fl\u00fcssigkristallanzeigen GmbH wurde 1993 von Dr. Gernot Schauer und Hermann Holz gegr\u00fcndet. Beide Gr\u00fcnder verf\u00fcgten bereits \u00fcber [&hellip;]<\/p>\n","protected":false},"author":5,"featured_media":4138,"parent":0,"menu_order":0,"comment_status":"closed","ping_status":"closed","template":"","meta":{"_acf_changed":false,"footnotes":""},"categories":[],"class_list":["post-4126","page","type-page","status-publish","has-post-thumbnail","hentry"],"acf":[],"_links":{"self":[{"href":"https:\/\/aditech.staging1.net\/fr\/wp-json\/wp\/v2\/pages\/4126","targetHints":{"allow":["GET"]}}],"collection":[{"href":"https:\/\/aditech.staging1.net\/fr\/wp-json\/wp\/v2\/pages"}],"about":[{"href":"https:\/\/aditech.staging1.net\/fr\/wp-json\/wp\/v2\/types\/page"}],"author":[{"embeddable":true,"href":"https:\/\/aditech.staging1.net\/fr\/wp-json\/wp\/v2\/users\/5"}],"replies":[{"embeddable":true,"href":"https:\/\/aditech.staging1.net\/fr\/wp-json\/wp\/v2\/comments?post=4126"}],"version-history":[{"count":35,"href":"https:\/\/aditech.staging1.net\/fr\/wp-json\/wp\/v2\/pages\/4126\/revisions"}],"predecessor-version":[{"id":5674,"href":"https:\/\/aditech.staging1.net\/fr\/wp-json\/wp\/v2\/pages\/4126\/revisions\/5674"}],"wp:featuredmedia":[{"embeddable":true,"href":"https:\/\/aditech.staging1.net\/fr\/wp-json\/wp\/v2\/media\/4138"}],"wp:attachment":[{"href":"https:\/\/aditech.staging1.net\/fr\/wp-json\/wp\/v2\/media?parent=4126"}],"wp:term":[{"taxonomy":"category","embeddable":true,"href":"https:\/\/aditech.staging1.net\/fr\/wp-json\/wp\/v2\/categories?post=4126"}],"curies":[{"name":"wp","href":"https:\/\/api.w.org\/{rel}","templated":true}]}}