{"id":5138,"date":"2026-03-09T09:15:38","date_gmt":"2026-03-09T08:15:38","guid":{"rendered":"https:\/\/aditech.staging1.net\/?page_id=5138"},"modified":"2026-03-16T17:20:11","modified_gmt":"2026-03-16T16:20:11","slug":"karriere","status":"publish","type":"page","link":"https:\/\/aditech.staging1.net\/en\/karriere\/","title":{"rendered":"Career"},"content":{"rendered":"\t\t<div data-elementor-type=\"wp-page\" data-elementor-id=\"5138\" class=\"elementor elementor-5138\" data-elementor-post-type=\"page\">\n\t\t\t\t<section class=\"elementor-element elementor-element-60fb446 e-con-full e-flex e-con e-parent\" data-id=\"60fb446\" data-element_type=\"container\" data-e-type=\"container\">\n\t\t\t\t<div class=\"elementor-element elementor-element-8e20045 elementor-widget elementor-widget-shortcode\" data-id=\"8e20045\" data-element_type=\"widget\" data-e-type=\"widget\" data-widget_type=\"shortcode.default\">\n\t\t\t\t\t\t\t<div class=\"elementor-shortcode\">\t\t<div data-elementor-type=\"container\" data-elementor-id=\"3989\" class=\"elementor elementor-3989\" data-elementor-post-type=\"elementor_library\">\n\t\t\t\t<div class=\"elementor-element elementor-element-2a5d7fcb section-i e-flex e-con-boxed e-con e-parent\" data-id=\"2a5d7fcb\" data-element_type=\"container\" data-e-type=\"container\" data-settings=\"{&quot;background_background&quot;:&quot;classic&quot;}\">\n\t\t\t\t\t<div class=\"e-con-inner\">\n\t\t\t\t<div class=\"elementor-element elementor-element-46fae91f h2 elementor-widget elementor-widget-heading\" data-id=\"46fae91f\" data-element_type=\"widget\" data-e-type=\"widget\" data-widget_type=\"heading.default\">\n\t\t\t\t\t<h1 class=\"elementor-heading-title elementor-size-default\">Karriere<\/h1>\t\t\t\t<\/div>\n\t\t\t\t\t<\/div>\n\t\t\t\t<\/div>\n\t\t\t\t<\/div>\n\t\t<\/div>\n\t\t\t\t\t\t<\/div>\n\t\t\t\t<\/section>\n\t\t<section class=\"elementor-element elementor-element-b50552b e-grid e-con-boxed e-con e-parent\" data-id=\"b50552b\" data-element_type=\"container\" data-e-type=\"container\" data-settings=\"{&quot;background_background&quot;:&quot;gradient&quot;}\">\n\t\t\t\t\t<div class=\"e-con-inner\">\n\t\t<div class=\"elementor-element elementor-element-8e686bc e-con-full section-s e-flex e-con e-child\" data-id=\"8e686bc\" data-element_type=\"container\" data-e-type=\"container\" data-settings=\"{&quot;background_background&quot;:&quot;gradient&quot;}\">\n\t\t\t\t<div class=\"elementor-element elementor-element-705dd2f text-l elementor-widget elementor-widget-text-editor\" data-id=\"705dd2f\" data-element_type=\"widget\" data-e-type=\"widget\" data-widget_type=\"text-editor.default\">\n\t\t\t\t\t\t\t\t\t<p>Als mittelst\u00e4ndisches Familienunternehmen in zweiter Generation leben wir eine Unternehmenskutur, die von Vertrauen, Wertsch\u00e4tzung und einer partnerschaftlichen Zusammenarbeit gepr\u00e4gt ist. Wir sind stets auf der Suche nach motivierten und begeisterungsf\u00e4higen Menschen aus unterschiedlichsten Bereichen und Berufsgruppen, die mit uns gemeinsam die Zukunft moderner Informationssysteme gestalten wollen.<\/p>\t\t\t\t\t\t\t\t<\/div>\n\t\t\t\t<\/div>\n\t\t<div class=\"elementor-element elementor-element-5d7e4f2 e-con-full e-flex e-con e-child\" data-id=\"5d7e4f2\" data-element_type=\"container\" data-e-type=\"container\">\n\t\t\t\t<div class=\"elementor-element elementor-element-001482e img-fade-right img-fade-right  elementor-widget elementor-widget-image\" data-id=\"001482e\" data-element_type=\"widget\" data-e-type=\"widget\" data-widget_type=\"image.default\">\n\t\t\t\t\t\t\t\t\t\t\t\t\t\t\t<img fetchpriority=\"high\" decoding=\"async\" width=\"1024\" height=\"916\" src=\"https:\/\/aditech.staging1.net\/wp-content\/uploads\/2026\/03\/Karriere_22-1024x916.webp\" class=\"attachment-medium size-medium wp-image-5141\" alt=\"\" srcset=\"https:\/\/aditech.staging1.net\/wp-content\/uploads\/2026\/03\/Karriere_22-1024x916.webp 1024w, https:\/\/aditech.staging1.net\/wp-content\/uploads\/2026\/03\/Karriere_22-1920x1718.webp 1920w, https:\/\/aditech.staging1.net\/wp-content\/uploads\/2026\/03\/Karriere_22-768x687.webp 768w, https:\/\/aditech.staging1.net\/wp-content\/uploads\/2026\/03\/Karriere_22-1536x1374.webp 1536w, https:\/\/aditech.staging1.net\/wp-content\/uploads\/2026\/03\/Karriere_22-2048x1832.webp 2048w\" sizes=\"(max-width: 1024px) 100vw, 1024px\" \/>\t\t\t\t\t\t\t\t\t\t\t\t\t\t\t<\/div>\n\t\t<div class=\"elementor-element elementor-element-10d00e0 e-con-full e-flex e-con e-child\" data-id=\"10d00e0\" data-element_type=\"container\" data-e-type=\"container\" data-settings=\"{&quot;background_background&quot;:&quot;gradient&quot;,&quot;position&quot;:&quot;absolute&quot;}\">\n\t\t\t\t<\/div>\n\t\t\t\t<\/div>\n\t\t\t\t\t<\/div>\n\t\t\t\t<\/section>\n\t\t<section class=\"elementor-element elementor-element-92ae70f section-m e-flex e-con-boxed e-con e-parent\" data-id=\"92ae70f\" data-element_type=\"container\" data-e-type=\"container\">\n\t\t\t\t\t<div class=\"e-con-inner\">\n\t\t<div class=\"elementor-element elementor-element-586323b e-con-full e-flex e-con e-child\" data-id=\"586323b\" data-element_type=\"container\" data-e-type=\"container\">\n\t\t<div class=\"elementor-element elementor-element-ba4f7be e-grid e-con-full e-con e-child\" data-id=\"ba4f7be\" data-element_type=\"container\" data-e-type=\"container\">\n\t\t\t\t<div class=\"elementor-element elementor-element-db2de82 elementor-widget elementor-widget-text-editor\" data-id=\"db2de82\" data-element_type=\"widget\" data-e-type=\"widget\" data-widget_type=\"text-editor.default\">\n\t\t\t\t\t\t\t\t\t<p>Der aktuelle Generationswechsel bringt bei uns auch einen konsequenten Technologiewechsel mit sich. Daf\u00fcr brauchen wir enschen, die diesen Wandel aktiv mitgestalten wollen &#8211; Teamplayer mit Leidenschaft, einer echten \u201ehands-on&#8220;- Mentalit\u00e4t, die gerne selbst\u00e4ndig und kreativ arbeiten und auch mal \u201eout of the box&#8220; denken.<\/p><p>Klingt nach Ihnen? Dann passen Sie perfekt zu uns. Wir freuen uns darauf, Sie kennenzulernen.<\/p>\t\t\t\t\t\t\t\t<\/div>\n\t\t\t\t<div class=\"elementor-element elementor-element-44d5069 elementor-widget elementor-widget-text-editor\" data-id=\"44d5069\" data-element_type=\"widget\" data-e-type=\"widget\" data-widget_type=\"text-editor.default\">\n\t\t\t\t\t\t\t\t\t<p>Bei uns erwartet Sie ein offenes, kollegiales Betriebsklima, flache Hierarchien und kurze Entscheidungswege, die Ihnen den Freiraum geben, eigene Ideen einzubringen und innovativ zu arbeiten. Flexible Arbeitszeiten, die zu Ihrem Leben passen, geh\u00f6ren ebenfalls dazu.<\/p><p><strong>Sollte aktuell keine offene Stelle ausgeschrieben sein, bewerben Sie sich auch gerne initiativ: <a href=\"mailto:bewerbung@aditech-lcd.de\">bewerbung@aditech-lcd.de<\/a><\/strong><\/p>\t\t\t\t\t\t\t\t<\/div>\n\t\t\t\t<\/div>\n\t\t\t\t<\/div>\n\t\t\t\t\t<\/div>\n\t\t\t\t<\/section>\n\t\t<section class=\"elementor-element elementor-element-d331f50 section-m e-flex e-con-boxed e-con e-parent\" data-id=\"d331f50\" data-element_type=\"container\" data-e-type=\"container\">\n\t\t\t\t\t<div class=\"e-con-inner\">\n\t\t\t\t<div class=\"elementor-element elementor-element-9e58f65 hyphens-auto h3 elementor-widget elementor-widget-heading\" data-id=\"9e58f65\" data-element_type=\"widget\" data-e-type=\"widget\" data-widget_type=\"heading.default\">\n\t\t\t\t\t<h2 class=\"elementor-heading-title elementor-size-default\">Aktuelle Stellenangebote<\/h2>\t\t\t\t<\/div>\n\t\t<div class=\"elementor-element elementor-element-da074ba e-con-full e-flex e-con e-child\" data-id=\"da074ba\" data-element_type=\"container\" data-e-type=\"container\">\n\t\t\t\t<div class=\"elementor-element elementor-element-85da352 elementor-grid-1 elementor-grid-tablet-1 elementor-grid-mobile-1 elementor-widget elementor-widget-loop-grid\" data-id=\"85da352\" data-element_type=\"widget\" data-e-type=\"widget\" data-settings=\"{&quot;template_id&quot;:5264,&quot;columns&quot;:1,&quot;row_gap&quot;:{&quot;unit&quot;:&quot;px&quot;,&quot;size&quot;:24,&quot;sizes&quot;:[]},&quot;columns_tablet&quot;:1,&quot;_skin&quot;:&quot;post&quot;,&quot;columns_mobile&quot;:&quot;1&quot;,&quot;edit_handle_selector&quot;:&quot;[data-elementor-type=\\&quot;loop-item\\&quot;]&quot;,&quot;row_gap_laptop&quot;:{&quot;unit&quot;:&quot;px&quot;,&quot;size&quot;:&quot;&quot;,&quot;sizes&quot;:[]},&quot;row_gap_tablet&quot;:{&quot;unit&quot;:&quot;px&quot;,&quot;size&quot;:&quot;&quot;,&quot;sizes&quot;:[]},&quot;row_gap_mobile&quot;:{&quot;unit&quot;:&quot;px&quot;,&quot;size&quot;:&quot;&quot;,&quot;sizes&quot;:[]}}\" data-widget_type=\"loop-grid.post\">\n\t\t\t\t<div class=\"elementor-widget-container\">\n\t\t\t\t\t\t\t<div class=\"elementor-loop-container elementor-grid\" role=\"list\">\n\t\t<style id=\"loop-5264\">.elementor-5264 .elementor-element.elementor-element-3cb678e{--display:grid;--min-height:80px;--e-con-grid-template-columns:1fr auto;--e-con-grid-template-rows:repeat(2, 1fr);--gap:4px 16px;--row-gap:4px;--column-gap:16px;--grid-auto-flow:row;--align-items:center;--border-radius:50em 50em 50em 50em;--padding-top:16px;--padding-bottom:16px;--padding-left:40px;--padding-right:40px;}.elementor-5264 .elementor-element.elementor-element-3cb678e:not(.elementor-motion-effects-element-type-background), .elementor-5264 .elementor-element.elementor-element-3cb678e > .elementor-motion-effects-container > .elementor-motion-effects-layer{background-color:var( --e-global-color-5dd329f );}.elementor-5264 .elementor-element.elementor-element-21fcacf .elementor-heading-title{font-weight:700;}.elementor-5264 .elementor-element.elementor-element-022e934 .elementor-icon-wrapper{text-align:end;}.elementor-5264 .elementor-element.elementor-element-022e934 .elementor-icon{font-size:28px;}.elementor-5264 .elementor-element.elementor-element-022e934 .elementor-icon svg{height:28px;}.elementor-5264 .elementor-element.elementor-element-022e934{grid-row:span 2;}.elementor-5264 .elementor-element.elementor-element-022e934.elementor-element{--align-self:center;}.elementor-5264 .elementor-element.elementor-element-394ac0d .elementor-icon-list-items:not(.elementor-inline-items) .elementor-icon-list-item:not(:last-child){padding-bottom:calc(24px\/2);}.elementor-5264 .elementor-element.elementor-element-394ac0d .elementor-icon-list-items:not(.elementor-inline-items) .elementor-icon-list-item:not(:first-child){margin-top:calc(24px\/2);}.elementor-5264 .elementor-element.elementor-element-394ac0d .elementor-icon-list-items.elementor-inline-items .elementor-icon-list-item{margin-right:calc(24px\/2);margin-left:calc(24px\/2);}.elementor-5264 .elementor-element.elementor-element-394ac0d .elementor-icon-list-items.elementor-inline-items{margin-right:calc(-24px\/2);margin-left:calc(-24px\/2);}body.rtl .elementor-5264 .elementor-element.elementor-element-394ac0d .elementor-icon-list-items.elementor-inline-items .elementor-icon-list-item:after{left:calc(-24px\/2);}body:not(.rtl) .elementor-5264 .elementor-element.elementor-element-394ac0d .elementor-icon-list-items.elementor-inline-items .elementor-icon-list-item:after{right:calc(-24px\/2);}.elementor-5264 .elementor-element.elementor-element-394ac0d .elementor-icon-list-item:not(:last-child):after{content:\"\";height:52%;border-color:var( --e-global-color-text );}.elementor-5264 .elementor-element.elementor-element-394ac0d .elementor-icon-list-items:not(.elementor-inline-items) .elementor-icon-list-item:not(:last-child):after{border-top-style:solid;border-top-width:1px;}.elementor-5264 .elementor-element.elementor-element-394ac0d .elementor-icon-list-items.elementor-inline-items .elementor-icon-list-item:not(:last-child):after{border-left-style:solid;}.elementor-5264 .elementor-element.elementor-element-394ac0d .elementor-inline-items .elementor-icon-list-item:not(:last-child):after{border-left-width:1px;}.elementor-5264 .elementor-element.elementor-element-394ac0d .elementor-icon-list-icon{width:14px;}.elementor-5264 .elementor-element.elementor-element-394ac0d .elementor-icon-list-icon i{font-size:14px;}.elementor-5264 .elementor-element.elementor-element-394ac0d .elementor-icon-list-icon svg{--e-icon-list-icon-size:14px;}.elementor-5264 .elementor-element.elementor-element-394ac0d .elementor-icon-list-item{font-size:var(--text-s);}@media(max-width:1360px){.elementor-5264 .elementor-element.elementor-element-3cb678e{--grid-auto-flow:row;}}@media(max-width:1024px){.elementor-5264 .elementor-element.elementor-element-3cb678e{--grid-auto-flow:row;}}@media(max-width:767px){.elementor-5264 .elementor-element.elementor-element-3cb678e{--e-con-grid-template-columns:1fr auto;--e-con-grid-template-rows:repeat(2, 1fr);--grid-auto-flow:row;--padding-top:12px;--padding-bottom:12px;--padding-left:24px;--padding-right:24px;}}<\/style>\t\t<div data-elementor-type=\"loop-item\" data-elementor-id=\"5264\" class=\"elementor elementor-5264 e-loop-item e-loop-item-5203 post-5203 stellenangebot type-stellenangebot status-publish hentry stellen-arbeitszeit-vollzeit stellen-beginn-nach-vereinbarung stellen-standort-heidenheim\" data-elementor-post-type=\"elementor_library\" data-custom-edit-handle=\"1\">\n\t\t\t<a class=\"elementor-element elementor-element-3cb678e e-grid e-con-boxed e-con e-parent\" data-id=\"3cb678e\" data-element_type=\"container\" data-e-type=\"container\" data-settings=\"{&quot;background_background&quot;:&quot;classic&quot;}\" href=\"https:\/\/aditech.staging1.net\/en\/job-offers\/businesswoman-man\/\">\n\t\t\t\t\t<div class=\"e-con-inner\">\n\t\t\t\t<div class=\"elementor-element elementor-element-21fcacf text-s elementor-widget elementor-widget-theme-post-title elementor-page-title elementor-widget-heading\" data-id=\"21fcacf\" data-element_type=\"widget\" data-e-type=\"widget\" data-widget_type=\"theme-post-title.default\">\n\t\t\t\t\t<div class=\"elementor-heading-title elementor-size-default\">Kauffrau\/mann (m\/w\/d)<\/div>\t\t\t\t<\/div>\n\t\t\t\t<div class=\"elementor-element elementor-element-022e934 elementor-view-default elementor-widget elementor-widget-icon\" data-id=\"022e934\" data-element_type=\"widget\" data-e-type=\"widget\" data-widget_type=\"icon.default\">\n\t\t\t\t\t\t\t<div class=\"elementor-icon-wrapper\">\n\t\t\t<div class=\"elementor-icon\">\n\t\t\t<svg xmlns=\"http:\/\/www.w3.org\/2000\/svg\" fill=\"#212322\" height=\"24\" viewBox=\"0 -960 960 960\" width=\"24\"><path d=\"m320-116-34-34 330-330-330-330 34-34 364 364z\"><\/path><\/svg>\t\t\t<\/div>\n\t\t<\/div>\n\t\t\t\t\t\t<\/div>\n\t\t\t\t<div class=\"elementor-element elementor-element-394ac0d elementor-widget elementor-widget-post-info\" data-id=\"394ac0d\" data-element_type=\"widget\" data-e-type=\"widget\" data-widget_type=\"post-info.default\">\n\t\t\t\t\t\t\t<ul class=\"elementor-inline-items elementor-icon-list-items elementor-post-info\">\n\t\t\t\t\t\t\t\t<li class=\"elementor-icon-list-item elementor-repeater-item-def69f8 elementor-inline-item\" itemprop=\"about\">\n\t\t\t\t\t\t\t\t\t\t\t\t\t<span class=\"elementor-icon-list-text elementor-post-info__item elementor-post-info__item--type-terms\">\n\t\t\t\t\t\t\t\t\t\t<span class=\"elementor-post-info__terms-list\">\n\t\t\t\t<span class=\"elementor-post-info__terms-list-item\">Vollzeit<\/span>\t\t\t\t<\/span>\n\t\t\t\t\t<\/span>\n\t\t\t\t\t\t\t\t<\/li>\n\t\t\t\t<li class=\"elementor-icon-list-item elementor-repeater-item-3aa4c98 elementor-inline-item\" itemprop=\"about\">\n\t\t\t\t\t\t\t\t\t\t\t\t\t<span class=\"elementor-icon-list-text elementor-post-info__item elementor-post-info__item--type-terms\">\n\t\t\t\t\t\t\t\t\t\t<span class=\"elementor-post-info__terms-list\">\n\t\t\t\t<span class=\"elementor-post-info__terms-list-item\">Heidenheim<\/span>\t\t\t\t<\/span>\n\t\t\t\t\t<\/span>\n\t\t\t\t\t\t\t\t<\/li>\n\t\t\t\t<\/ul>\n\t\t\t\t\t\t<\/div>\n\t\t\t\t\t<\/div>\n\t\t\t\t<\/a>\n\t\t\t\t<\/div>\n\t\t\t\t<\/div>\n\t\t\n\t\t\t\t\t\t<\/div>\n\t\t\t\t<\/div>\n\t\t\t\t<\/div>\n\t\t\t\t\t<\/div>\n\t\t\t\t<\/section>\n\t\t<div class=\"elementor-element elementor-element-8a5cee5 section-m e-flex e-con-boxed e-con e-parent\" data-id=\"8a5cee5\" data-element_type=\"container\" data-e-type=\"container\" data-settings=\"{&quot;background_background&quot;:&quot;gradient&quot;}\">\n\t\t\t\t\t<div class=\"e-con-inner\">\n\t\t<div class=\"elementor-element elementor-element-312e37e e-grid e-con-full e-con e-child\" data-id=\"312e37e\" data-element_type=\"container\" data-e-type=\"container\">\n\t\t<div class=\"elementor-element elementor-element-2426724 e-con-full text-s e-flex e-con e-child\" data-id=\"2426724\" data-element_type=\"container\" data-e-type=\"container\">\n\t\t\t\t<div class=\"elementor-element elementor-element-8136cbc elementor-widget elementor-widget-text-editor\" data-id=\"8136cbc\" data-element_type=\"widget\" data-e-type=\"widget\" data-widget_type=\"text-editor.default\">\n\t\t\t\t\t\t\t\t\t<p>Hast du Fragen zu unseren Stellenangeboten?<br \/>Melde dich jederzeit gerne, telefonisch oder per E-Mail oder<br \/>\u00fcber unser Kontaktformular.<\/p>\t\t\t\t\t\t\t\t<\/div>\n\t\t\t\t<div class=\"elementor-element elementor-element-b25ab31 elementor-widget-divider--view-line elementor-widget elementor-widget-divider\" data-id=\"b25ab31\" data-element_type=\"widget\" data-e-type=\"widget\" data-widget_type=\"divider.default\">\n\t\t\t\t\t\t\t<div class=\"elementor-divider\">\n\t\t\t<span class=\"elementor-divider-separator\">\n\t\t\t\t\t\t<\/span>\n\t\t<\/div>\n\t\t\t\t\t\t<\/div>\n\t\t\t\t<div class=\"elementor-element elementor-element-506c7ad elementor-grid-1 elementor-grid-tablet-1 elementor-grid-mobile-1 elementor-widget elementor-widget-loop-grid\" data-id=\"506c7ad\" data-element_type=\"widget\" data-e-type=\"widget\" data-settings=\"{&quot;template_id&quot;:4857,&quot;columns&quot;:1,&quot;columns_tablet&quot;:1,&quot;_skin&quot;:&quot;post&quot;,&quot;columns_mobile&quot;:&quot;1&quot;,&quot;edit_handle_selector&quot;:&quot;[data-elementor-type=\\&quot;loop-item\\&quot;]&quot;,&quot;row_gap&quot;:{&quot;unit&quot;:&quot;px&quot;,&quot;size&quot;:&quot;&quot;,&quot;sizes&quot;:[]},&quot;row_gap_laptop&quot;:{&quot;unit&quot;:&quot;px&quot;,&quot;size&quot;:&quot;&quot;,&quot;sizes&quot;:[]},&quot;row_gap_tablet&quot;:{&quot;unit&quot;:&quot;px&quot;,&quot;size&quot;:&quot;&quot;,&quot;sizes&quot;:[]},&quot;row_gap_mobile&quot;:{&quot;unit&quot;:&quot;px&quot;,&quot;size&quot;:&quot;&quot;,&quot;sizes&quot;:[]}}\" data-widget_type=\"loop-grid.post\">\n\t\t\t\t<div class=\"elementor-widget-container\">\n\t\t\t\t\t\t\t<div class=\"elementor-loop-container elementor-grid\" role=\"list\">\n\t\t<style id=\"loop-4857\">.elementor-4857 .elementor-element.elementor-element-9b3273f{--display:grid;--e-con-grid-template-columns:72px 1fr;--e-con-grid-template-rows:auto auto;--gap:0px 16px;--row-gap:0px;--column-gap:16px;--grid-auto-flow:row;--align-items:center;}.elementor-4857 .elementor-element.elementor-element-9dae7fc img{border-radius:50% 50% 50% 50%;}.elementor-4857 .elementor-element.elementor-element-3bf4ad4{--display:flex;}.elementor-4857 .elementor-element.elementor-element-42a3230 .elementor-heading-title{font-weight:700;text-transform:uppercase;color:var( --e-global-color-5dd329f );}.elementor-4857 .elementor-element.elementor-element-42a3230{margin:0px 0px calc(var(--kit-widget-spacing, 0px) + 12px) 0px;}.elementor-4857 .elementor-element.elementor-element-19cc3f4 .elementor-heading-title{color:var( --e-global-color-5dd329f );}.elementor-4857 .elementor-element.elementor-element-7daaadb{--display:flex;}.elementor-4857 .elementor-element.elementor-element-94b68f7{--display:flex;}.elementor-4857 .elementor-element.elementor-element-bd5e37f{font-weight:400;color:var( --e-global-color-5dd329f );margin:0px 0px calc(var(--kit-widget-spacing, 0px) + 6px) 0px;}.elementor-4857 .elementor-element.elementor-element-bd5e37f a{color:var( --e-global-color-5dd329f );}.elementor-4857 .elementor-element.elementor-element-aa60ddf .elementor-heading-title{font-weight:400;color:var( --e-global-color-7bc73f5 );}@media(max-width:1360px){.elementor-4857 .elementor-element.elementor-element-9b3273f{--grid-auto-flow:row;}}@media(max-width:1024px){.elementor-4857 .elementor-element.elementor-element-9b3273f{--grid-auto-flow:row;}}@media(max-width:767px){.elementor-4857 .elementor-element.elementor-element-9b3273f{--e-con-grid-template-columns:64px 1fr;--e-con-grid-template-rows:auto auto;--grid-auto-flow:row;}}<\/style>\t\t<div data-elementor-type=\"loop-item\" data-elementor-id=\"4857\" class=\"elementor elementor-4857 e-loop-item e-loop-item-5074 post-5074 ansprechpartner type-ansprechpartner status-publish hentry ansprechpartner-kategorie-fachbereich\" data-elementor-post-type=\"elementor_library\" data-custom-edit-handle=\"1\">\n\t\t\t<div class=\"elementor-element elementor-element-9b3273f e-grid no-ul e-con-boxed e-con e-parent\" data-id=\"9b3273f\" data-element_type=\"container\" data-e-type=\"container\" data-settings=\"{&quot;background_background&quot;:&quot;classic&quot;}\">\n\t\t\t\t\t<div class=\"e-con-inner\">\n\t\t\t\t<div class=\"elementor-element elementor-element-9dae7fc elementor-widget elementor-widget-image\" data-id=\"9dae7fc\" data-element_type=\"widget\" data-e-type=\"widget\" data-widget_type=\"image.default\">\n\t\t\t\t\t\t\t\t\t\t\t\t\t\t\t<img decoding=\"async\" width=\"300\" height=\"300\" src=\"https:\/\/aditech.staging1.net\/wp-content\/uploads\/2026\/03\/Aditech_Avatar.webp\" class=\"attachment-thumbnail size-thumbnail wp-image-5568\" alt=\"\" srcset=\"https:\/\/aditech.staging1.net\/wp-content\/uploads\/2026\/03\/Aditech_Avatar.webp 300w, https:\/\/aditech.staging1.net\/wp-content\/uploads\/2026\/03\/Aditech_Avatar-12x12.webp 12w\" sizes=\"(max-width: 300px) 100vw, 300px\" \/>\t\t\t\t\t\t\t\t\t\t\t\t\t\t\t<\/div>\n\t\t<div class=\"elementor-element elementor-element-3bf4ad4 e-con-full e-flex e-con e-child\" data-id=\"3bf4ad4\" data-element_type=\"container\" data-e-type=\"container\">\n\t\t\t\t<div class=\"elementor-element elementor-element-42a3230 elementor-widget elementor-widget-heading\" data-id=\"42a3230\" data-element_type=\"widget\" data-e-type=\"widget\" data-widget_type=\"heading.default\">\n\t\t\t\t\t<div class=\"elementor-heading-title elementor-size-default\">D\u00f6rte Holz<\/div>\t\t\t\t<\/div>\n\t\t\t\t<div class=\"elementor-element elementor-element-19cc3f4 text-xs elementor-widget elementor-widget-heading\" data-id=\"19cc3f4\" data-element_type=\"widget\" data-e-type=\"widget\" data-widget_type=\"heading.default\">\n\t\t\t\t\t<div class=\"elementor-heading-title elementor-size-default\">Personal<\/div>\t\t\t\t<\/div>\n\t\t\t\t<\/div>\n\t\t<div class=\"elementor-element elementor-element-7daaadb e-con-full e-flex e-con e-child\" data-id=\"7daaadb\" data-element_type=\"container\" data-e-type=\"container\">\n\t\t\t\t<\/div>\n\t\t<div class=\"elementor-element elementor-element-94b68f7 e-con-full e-flex e-con e-child\" data-id=\"94b68f7\" data-element_type=\"container\" data-e-type=\"container\">\n\t\t\t\t<div class=\"elementor-element elementor-element-bd5e37f text-xs no-ul elementor-widget elementor-widget-text-editor\" data-id=\"bd5e37f\" data-element_type=\"widget\" data-e-type=\"widget\" data-widget_type=\"text-editor.default\">\n\t\t\t\t\t\t\t\t\t<p>Tel. <a href=\"tel:+49732198420\">+49 (0) 7321 \/ 9842 &#8211; 0<\/a><\/p>\t\t\t\t\t\t\t\t<\/div>\n\t\t\t\t<div class=\"elementor-element elementor-element-aa60ddf text-xs elementor-widget elementor-widget-heading\" data-id=\"aa60ddf\" data-element_type=\"widget\" data-e-type=\"widget\" data-widget_type=\"heading.default\">\n\t\t\t\t\t<div class=\"elementor-heading-title elementor-size-default\"><a href=\"mailto:bewerbung@aditech-lcd.de\">bewerbung@aditech-lcd.de<\/a><\/div>\t\t\t\t<\/div>\n\t\t\t\t<\/div>\n\t\t\t\t\t<\/div>\n\t\t\t\t<\/div>\n\t\t\t\t<\/div>\n\t\t\t\t<\/div>\n\t\t\n\t\t\t\t\t\t<\/div>\n\t\t\t\t<\/div>\n\t\t\t\t<\/div>\n\t\t\t\t<\/div>\n\t\t\t\t\t<\/div>\n\t\t\t\t<\/div>\n\t\t\t\t<\/div>\n\t\t","protected":false},"excerpt":{"rendered":"<p>Als mittelst\u00e4ndisches Familienunternehmen in zweiter Generation leben wir eine Unternehmenskutur, die von Vertrauen, Wertsch\u00e4tzung und einer partnerschaftlichen Zusammenarbeit gepr\u00e4gt ist. Wir sind stets auf der Suche nach motivierten und begeisterungsf\u00e4higen Menschen aus unterschiedlichsten Bereichen und Berufsgruppen, die mit uns gemeinsam die Zukunft moderner Informationssysteme gestalten wollen. Der aktuelle Generationswechsel bringt bei uns auch einen konsequenten [&hellip;]<\/p>\n","protected":false},"author":5,"featured_media":5140,"parent":0,"menu_order":0,"comment_status":"closed","ping_status":"closed","template":"","meta":{"_acf_changed":false,"footnotes":""},"categories":[],"class_list":["post-5138","page","type-page","status-publish","has-post-thumbnail","hentry"],"acf":[],"_links":{"self":[{"href":"https:\/\/aditech.staging1.net\/en\/wp-json\/wp\/v2\/pages\/5138","targetHints":{"allow":["GET"]}}],"collection":[{"href":"https:\/\/aditech.staging1.net\/en\/wp-json\/wp\/v2\/pages"}],"about":[{"href":"https:\/\/aditech.staging1.net\/en\/wp-json\/wp\/v2\/types\/page"}],"author":[{"embeddable":true,"href":"https:\/\/aditech.staging1.net\/en\/wp-json\/wp\/v2\/users\/5"}],"replies":[{"embeddable":true,"href":"https:\/\/aditech.staging1.net\/en\/wp-json\/wp\/v2\/comments?post=5138"}],"version-history":[{"count":35,"href":"https:\/\/aditech.staging1.net\/en\/wp-json\/wp\/v2\/pages\/5138\/revisions"}],"predecessor-version":[{"id":5590,"href":"https:\/\/aditech.staging1.net\/en\/wp-json\/wp\/v2\/pages\/5138\/revisions\/5590"}],"wp:featuredmedia":[{"embeddable":true,"href":"https:\/\/aditech.staging1.net\/en\/wp-json\/wp\/v2\/media\/5140"}],"wp:attachment":[{"href":"https:\/\/aditech.staging1.net\/en\/wp-json\/wp\/v2\/media?parent=5138"}],"wp:term":[{"taxonomy":"category","embeddable":true,"href":"https:\/\/aditech.staging1.net\/en\/wp-json\/wp\/v2\/categories?post=5138"}],"curies":[{"name":"wp","href":"https:\/\/api.w.org\/{rel}","templated":true}]}}