{"id":4126,"date":"2026-03-02T05:59:43","date_gmt":"2026-03-02T04:59:43","guid":{"rendered":"https:\/\/aditech.staging1.net\/?page_id=4126"},"modified":"2026-03-16T18:53:43","modified_gmt":"2026-03-16T17:53:43","slug":"about-us","status":"publish","type":"page","link":"https:\/\/aditech.staging1.net\/en\/about-us\/","title":{"rendered":"About us"},"content":{"rendered":"<div data-elementor-type=\"wp-page\" data-elementor-id=\"4126\" class=\"elementor elementor-4126\" data-elementor-post-type=\"page\">\n\t\t\t\t<section class=\"elementor-element elementor-element-2ae03534 e-con-full e-flex e-con e-parent\" data-id=\"2ae03534\" data-element_type=\"container\" data-e-type=\"container\">\n\t\t\t\t<div class=\"elementor-element elementor-element-47f1cd7e elementor-widget elementor-widget-shortcode\" data-id=\"47f1cd7e\" data-element_type=\"widget\" data-e-type=\"widget\" data-widget_type=\"shortcode.default\">\n\t\t\t\t\t\t\t<div class=\"elementor-shortcode\">\t\t<div data-elementor-type=\"container\" data-elementor-id=\"3989\" class=\"elementor elementor-3989\" data-elementor-post-type=\"elementor_library\">\n\t\t\t\t<div class=\"elementor-element elementor-element-2a5d7fcb section-i e-flex e-con-boxed e-con e-parent\" data-id=\"2a5d7fcb\" data-element_type=\"container\" data-e-type=\"container\" data-settings=\"{&quot;background_background&quot;:&quot;classic&quot;}\">\n\t\t\t\t\t<div class=\"e-con-inner\">\n\t\t\t\t<div class=\"elementor-element elementor-element-46fae91f h2 elementor-widget elementor-widget-heading\" data-id=\"46fae91f\" data-element_type=\"widget\" data-e-type=\"widget\" data-widget_type=\"heading.default\">\n\t\t\t\t\t<h1 class=\"elementor-heading-title elementor-size-default\">About us<\/h1>\t\t\t\t<\/div>\n\t\t\t\t\t<\/div>\n\t\t\t\t<\/div>\n\t\t\t\t<\/div>\n\t\t<\/div>\n\t\t\t\t\t\t<\/div>\n\t\t\t\t<\/section>\n\t\t<div class=\"elementor-element elementor-element-cf1d0b2 e-flex e-con-boxed e-con e-parent\" data-id=\"cf1d0b2\" data-element_type=\"container\" data-e-type=\"container\">\n\t\t\t\t\t<div class=\"e-con-inner\">\n\t\t<div class=\"elementor-element elementor-element-29e84ac e-con-full e-flex e-con e-child\" data-id=\"29e84ac\" data-element_type=\"container\" data-e-type=\"container\">\n\t\t<div class=\"elementor-element elementor-element-3c76f8d e-flex e-con-boxed e-con e-child\" data-id=\"3c76f8d\" data-element_type=\"container\" data-e-type=\"container\">\n\t\t\t\t\t<div class=\"e-con-inner\">\n\t\t\t\t<div class=\"elementor-element elementor-element-9ae14b6 h4 elementor-widget elementor-widget-heading\" data-id=\"9ae14b6\" data-element_type=\"widget\" data-e-type=\"widget\" data-widget_type=\"heading.default\">\n\t\t\t\t\t<h2 class=\"elementor-heading-title elementor-size-default\">Aditech - Display technology with experience and a future<\/h2>\t\t\t\t<\/div>\n\t\t\t\t<div class=\"elementor-element elementor-element-3df0ef3 text-l elementor-widget elementor-widget-text-editor\" data-id=\"3df0ef3\" data-element_type=\"widget\" data-e-type=\"widget\" data-widget_type=\"text-editor.default\">\n\t\t\t\t\t\t\t\t\t<p>As a family-run company, we have been\u00a0<span style=\"text-wrap-mode: initial;\">For generations, we have valued trust, quality and partnership-based cooperation. With innovative technologies, we are shaping the future of\u00a0<\/span><span style=\"text-wrap-mode: initial;\">Information systems - reliable, sustainable and customised.<\/span><\/p>\t\t\t\t\t\t\t\t<\/div>\n\t\t\t\t\t<\/div>\n\t\t\t\t<\/div>\n\t\t\t\t<\/div>\n\t\t<div class=\"elementor-element elementor-element-415875c e-con-full e-flex e-con e-child\" data-id=\"415875c\" data-element_type=\"container\" data-e-type=\"container\" data-settings=\"{&quot;background_background&quot;:&quot;classic&quot;}\">\n\t\t\t\t<div class=\"elementor-element elementor-element-3ed9454 img-fade-right elementor-widget elementor-widget-image\" data-id=\"3ed9454\" data-element_type=\"widget\" data-e-type=\"widget\" data-widget_type=\"image.default\">\n\t\t\t\t\t\t\t\t\t\t\t\t\t\t\t<img fetchpriority=\"high\" decoding=\"async\" width=\"800\" height=\"716\" src=\"https:\/\/aditech.staging1.net\/wp-content\/uploads\/2026\/03\/Ueber-uns_2-1920x1718.webp\" class=\"attachment-large size-large wp-image-4137\" alt=\"\" srcset=\"https:\/\/aditech.staging1.net\/wp-content\/uploads\/2026\/03\/Ueber-uns_2-1920x1718.webp 1920w, https:\/\/aditech.staging1.net\/wp-content\/uploads\/2026\/03\/Ueber-uns_2-1024x916.webp 1024w, https:\/\/aditech.staging1.net\/wp-content\/uploads\/2026\/03\/Ueber-uns_2-768x687.webp 768w, https:\/\/aditech.staging1.net\/wp-content\/uploads\/2026\/03\/Ueber-uns_2-1536x1374.webp 1536w, https:\/\/aditech.staging1.net\/wp-content\/uploads\/2026\/03\/Ueber-uns_2-2048x1832.webp 2048w\" sizes=\"(max-width: 800px) 100vw, 800px\" \/>\t\t\t\t\t\t\t\t\t\t\t\t\t\t\t<\/div>\n\t\t\t\t<\/div>\n\t\t\t\t\t<\/div>\n\t\t\t\t<\/div>\n\t\t<div class=\"elementor-element elementor-element-380cc69 e-grid section-l e-con-boxed e-con e-parent\" data-id=\"380cc69\" data-element_type=\"container\" data-e-type=\"container\" data-settings=\"{&quot;background_background&quot;:&quot;gradient&quot;}\">\n\t\t\t\t\t<div class=\"e-con-inner\">\n\t\t\t\t<div class=\"elementor-element elementor-element-4e3959c elementor-absolute elementor-widget elementor-widget-image\" data-id=\"4e3959c\" data-element_type=\"widget\" data-e-type=\"widget\" data-settings=\"{&quot;_position&quot;:&quot;absolute&quot;}\" data-widget_type=\"image.default\">\n\t\t\t\t\t\t\t\t\t\t\t\t\t\t\t<img decoding=\"async\" width=\"800\" height=\"535\" src=\"https:\/\/aditech.staging1.net\/wp-content\/uploads\/2026\/03\/AdobeStock_139910545-1920x1283.webp\" class=\"attachment-large size-large wp-image-4135\" alt=\"\" srcset=\"https:\/\/aditech.staging1.net\/wp-content\/uploads\/2026\/03\/AdobeStock_139910545-1920x1283.webp 1920w, https:\/\/aditech.staging1.net\/wp-content\/uploads\/2026\/03\/AdobeStock_139910545-1024x684.webp 1024w, https:\/\/aditech.staging1.net\/wp-content\/uploads\/2026\/03\/AdobeStock_139910545-768x513.webp 768w, https:\/\/aditech.staging1.net\/wp-content\/uploads\/2026\/03\/AdobeStock_139910545-1536x1026.webp 1536w, https:\/\/aditech.staging1.net\/wp-content\/uploads\/2026\/03\/AdobeStock_139910545-2048x1368.webp 2048w\" sizes=\"(max-width: 800px) 100vw, 800px\" \/>\t\t\t\t\t\t\t\t\t\t\t\t\t\t\t<\/div>\n\t\t<div class=\"elementor-element elementor-element-2695a3c e-con-full e-flex e-con e-child\" data-id=\"2695a3c\" data-element_type=\"container\" data-e-type=\"container\">\n\t\t\t\t<div class=\"elementor-element elementor-element-e11ec6c h4 elementor-widget elementor-widget-heading\" data-id=\"e11ec6c\" data-element_type=\"widget\" data-e-type=\"widget\" data-widget_type=\"heading.default\">\n\t\t\t\t\t<h2 class=\"elementor-heading-title elementor-size-default\">Technological expertise since 1993<\/h2>\t\t\t\t<\/div>\n\t\t\t\t<div class=\"elementor-element elementor-element-72bf691 elementor-widget elementor-widget-text-editor\" data-id=\"72bf691\" data-element_type=\"widget\" data-e-type=\"widget\" data-widget_type=\"text-editor.default\">\n\t\t\t\t\t\t\t\t\t<p>ADITECH Fl\u00fcssigkristallanzeigen GmbH was founded in 1993 by Dr Gernot Schauer and Hermann Holz. Both founders already had seven years of joint experience in the LCD industry and used their expertise to lay the foundations for the company's successful development. Just one year after its foundation, ADITECH was firmly established on the market.<\/p>\t\t\t\t\t\t\t\t<\/div>\n\t\t\t\t<div class=\"elementor-element elementor-element-70c4681 h4 elementor-widget elementor-widget-heading\" data-id=\"70c4681\" data-element_type=\"widget\" data-e-type=\"widget\" data-widget_type=\"heading.default\">\n\t\t\t\t\t<h2 class=\"elementor-heading-title elementor-size-default\">Baden-W\u00fcrttemberg - The land of\nThinkers, inventors and inventors<\/h2>\t\t\t\t<\/div>\n\t\t\t\t<div class=\"elementor-element elementor-element-9d4f90e elementor-widget elementor-widget-text-editor\" data-id=\"9d4f90e\" data-element_type=\"widget\" data-e-type=\"widget\" data-widget_type=\"text-editor.default\">\n\t\t\t\t\t\t\t\t\t<p>The company is based in Heidenheim an der Brenz - a town with around 50,000 inhabitants in the east of Baden-W\u00fcrttemberg, on the edge of the Swabian Alb and directly on the A7 motorway (Ulm-W\u00fcrzburg). After five years in the Heidenheim Technology and Start-up Centre, ADITECH moved into its own company building in the western part of the town in 1998. Today, around 30 employees develop and manufacture customised solutions for numerous well-known customers from all over Europe on a production area of 1,200 m2. ADITECH has been one of the leading manufacturers of display technologies for passenger and traffic information systems for many years.<\/p>\t\t\t\t\t\t\t\t<\/div>\n\t\t\t\t<\/div>\n\t\t<div class=\"elementor-element elementor-element-a18b7cc e-con-full e-flex e-con e-child\" data-id=\"a18b7cc\" data-element_type=\"container\" data-e-type=\"container\">\n\t\t\t\t<div class=\"elementor-element elementor-element-673f06b h4 elementor-widget elementor-widget-heading\" data-id=\"673f06b\" data-element_type=\"widget\" data-e-type=\"widget\" data-widget_type=\"heading.default\">\n\t\t\t\t\t<h2 class=\"elementor-heading-title elementor-size-default\">Generational change and\ncorporate management<\/h2>\t\t\t\t<\/div>\n\t\t\t\t<div class=\"elementor-element elementor-element-54a788f adt-list-normal elementor-widget elementor-widget-text-editor\" data-id=\"54a788f\" data-element_type=\"widget\" data-e-type=\"widget\" data-widget_type=\"text-editor.default\">\n\t\t\t\t\t\t\t\t\t<p>In August 2021, the company was handed over to two children of co-founder Hermann Holz, successfully passing it on to the next generation.<\/p><ul><li><strong>D\u00f6rte Holz (Dipl.-Kff.)<\/strong> has been with the company since 2012. After holding positions in sales and product management, she joined the management team in 2018. Today, she is responsible for the entire commercial area and sales.<\/li><li><strong>Heiko Holz (Dipl.-Ing.)<\/strong> joined the team in 2021 and took over the development department. Since taking over the company, he has also been in charge of production, quality assurance and IT.<\/li><li><strong>Hermann Holz (Dipl. Wirtsch.-Ing.)<\/strong> will remain with the company as a consultant and authorised signatory and will support the new management with his many years of industry expertise.<\/li><\/ul>\t\t\t\t\t\t\t\t<\/div>\n\t\t\t\t<div class=\"elementor-element elementor-element-898f56c elementor-widget elementor-widget-image\" data-id=\"898f56c\" data-element_type=\"widget\" data-e-type=\"widget\" data-widget_type=\"image.default\">\n\t\t\t\t\t\t\t\t\t\t\t\t\t\t\t<img decoding=\"async\" width=\"810\" height=\"615\" src=\"https:\/\/aditech.staging1.net\/wp-content\/uploads\/2026\/03\/big_Leistungen_Erfahrung_1.webp\" class=\"attachment-medium size-medium wp-image-4136\" alt=\"\" srcset=\"https:\/\/aditech.staging1.net\/wp-content\/uploads\/2026\/03\/big_Leistungen_Erfahrung_1.webp 810w, https:\/\/aditech.staging1.net\/wp-content\/uploads\/2026\/03\/big_Leistungen_Erfahrung_1-768x583.webp 768w\" sizes=\"(max-width: 810px) 100vw, 810px\" \/>\t\t\t\t\t\t\t\t\t\t\t\t\t\t\t<\/div>\n\t\t<div class=\"elementor-element elementor-element-3247038 e-con-full section-xs e-flex e-con e-child\" data-id=\"3247038\" data-element_type=\"container\" data-e-type=\"container\" data-settings=\"{&quot;background_background&quot;:&quot;gradient&quot;}\">\n\t\t\t\t<div class=\"elementor-element elementor-element-fb534c4 h4 elementor-widget elementor-widget-heading\" data-id=\"fb534c4\" data-element_type=\"widget\" data-e-type=\"widget\" data-widget_type=\"heading.default\">\n\t\t\t\t\t<h2 class=\"elementor-heading-title elementor-size-default\">Technology change\nand new product lines<\/h2>\t\t\t\t<\/div>\n\t\t\t\t<div class=\"elementor-element elementor-element-50051c2 adt-list-normal elementor-widget elementor-widget-text-editor\" data-id=\"50051c2\" data-element_type=\"widget\" data-e-type=\"widget\" data-widget_type=\"text-editor.default\">\n\t\t\t\t\t\t\t\t\t<p>The generation change is accompanied by a consistent change in technology: in 2024, classic LCD technology was discontinued due to declining demand and difficult raw material situations. Individual model series will continue to be produced for service and spare parts reasons, while ADITECH is actively driving forward the development of new technologies:<\/p><ul><li>Broad portfolio of modern TFT displays<\/li><li>Since 2022 Development and production of customised LED displays, especially for passenger, traffic and city information systems<\/li><li>Innovative hardware and software solutions that support the technology transition from LCD to LED<\/li><\/ul><p>ADITECH thus remains a reliable partner for innovative display technologies - today and in the future.<\/p>\t\t\t\t\t\t\t\t<\/div>\n\t\t\t\t<\/div>\n\t\t\t\t<\/div>\n\t\t\t\t\t<\/div>\n\t\t\t\t<\/div>\n\t\t<div class=\"elementor-element elementor-element-ef0b3c8 e-grid section-xs e-con-boxed e-con e-parent\" data-id=\"ef0b3c8\" data-element_type=\"container\" data-e-type=\"container\" data-settings=\"{&quot;background_background&quot;:&quot;classic&quot;}\">\n\t\t\t\t\t<div class=\"e-con-inner\">\n\t\t<div class=\"elementor-element elementor-element-2160e15 e-con-full e-flex e-con e-child\" data-id=\"2160e15\" data-element_type=\"container\" data-e-type=\"container\">\n\t\t\t\t<\/div>\n\t\t<div class=\"elementor-element elementor-element-65421aa e-con-full e-flex e-con e-child\" data-id=\"65421aa\" data-element_type=\"container\" data-e-type=\"container\">\n\t\t\t\t<div class=\"elementor-element elementor-element-e534611 elementor-widget-divider--view-line elementor-widget elementor-widget-divider\" data-id=\"e534611\" data-element_type=\"widget\" data-e-type=\"widget\" data-widget_type=\"divider.default\">\n\t\t\t\t\t\t\t<div class=\"elementor-divider\">\n\t\t\t<span class=\"elementor-divider-separator\">\n\t\t\t\t\t\t<\/span>\n\t\t<\/div>\n\t\t\t\t\t\t<\/div>\n\t\t\t\t<div class=\"elementor-element elementor-element-b46cf66 h4 elementor-widget elementor-widget-heading\" data-id=\"b46cf66\" data-element_type=\"widget\" data-e-type=\"widget\" data-widget_type=\"heading.default\">\n\t\t\t\t\t<h2 class=\"elementor-heading-title elementor-size-default\">Certificates<\/h2>\t\t\t\t<\/div>\n\t\t\t\t<div class=\"elementor-element elementor-element-390f8fb elementor-widget elementor-widget-text-editor\" data-id=\"390f8fb\" data-element_type=\"widget\" data-e-type=\"widget\" data-widget_type=\"text-editor.default\">\n\t\t\t\t\t\t\t\t\t<p>We have held the ISO 9001 certificate since 2001 and the ISO 14001 certificate for environmental management since 2008.<\/p>\t\t\t\t\t\t\t\t<\/div>\n\t\t\t\t<div class=\"elementor-element elementor-element-2b48efd elementor-widget-divider--view-line elementor-widget elementor-widget-divider\" data-id=\"2b48efd\" data-element_type=\"widget\" data-e-type=\"widget\" data-widget_type=\"divider.default\">\n\t\t\t\t\t\t\t<div class=\"elementor-divider\">\n\t\t\t<span class=\"elementor-divider-separator\">\n\t\t\t\t\t\t<\/span>\n\t\t<\/div>\n\t\t\t\t\t\t<\/div>\n\t\t\t\t<div class=\"elementor-element elementor-element-92be10a btn-1 elementor-widget elementor-widget-button\" data-id=\"92be10a\" data-element_type=\"widget\" data-e-type=\"widget\" data-widget_type=\"button.default\">\n\t\t\t\t\t\t\t\t\t\t<a class=\"elementor-button elementor-button-link elementor-size-sm\" href=\"https:\/\/aditech.staging1.net\/en\/meilensteine\/\">\n\t\t\t\t\t\t<span class=\"elementor-button-content-wrapper\">\n\t\t\t\t\t\t<span class=\"elementor-button-icon\">\n\t\t\t\t<svg xmlns=\"http:\/\/www.w3.org\/2000\/svg\" height=\"24px\" viewbox=\"0 -960 960 960\" width=\"24px\" fill=\"#ffffff\"><path d=\"m320-116-34-34 330-330-330-330 34-34 364 364-364 364Z\"><\/path><\/svg>\t\t\t<\/span>\n\t\t\t\t\t\t\t\t\t<span class=\"elementor-button-text\">To the milestones<\/span>\n\t\t\t\t\t<\/span>\n\t\t\t\t\t<\/a>\n\t\t\t\t\t\t\t\t<\/div>\n\t\t\t\t<\/div>\n\t\t\t\t\t<\/div>\n\t\t\t\t<\/div>\n\t\t\t\t<\/div>","protected":false},"excerpt":{"rendered":"<p>Aditech \u2013 Display-Technologie mit Erfarhrung und Zukunft Als familiengef\u00fchrtes Unternehmen legen wir seit\u00a0Generationen Wert auf Vertrauen, Qualit\u00e4t und partnerschaftliche Zusammenarbeit. Mit innovativen Technologien gestalten wir die Zukunft der\u00a0Informationssysteme &#8211; zuverl\u00e4ssig, nachhaltig und individuell. Technologiekompetenz seit 1993 Die ADITECH Fl\u00fcssigkristallanzeigen GmbH wurde 1993 von Dr. Gernot Schauer und Hermann Holz gegr\u00fcndet. Beide Gr\u00fcnder verf\u00fcgten bereits \u00fcber [&hellip;]<\/p>\n","protected":false},"author":5,"featured_media":4138,"parent":0,"menu_order":0,"comment_status":"closed","ping_status":"closed","template":"","meta":{"_acf_changed":false,"footnotes":""},"categories":[],"class_list":["post-4126","page","type-page","status-publish","has-post-thumbnail","hentry"],"acf":[],"_links":{"self":[{"href":"https:\/\/aditech.staging1.net\/en\/wp-json\/wp\/v2\/pages\/4126","targetHints":{"allow":["GET"]}}],"collection":[{"href":"https:\/\/aditech.staging1.net\/en\/wp-json\/wp\/v2\/pages"}],"about":[{"href":"https:\/\/aditech.staging1.net\/en\/wp-json\/wp\/v2\/types\/page"}],"author":[{"embeddable":true,"href":"https:\/\/aditech.staging1.net\/en\/wp-json\/wp\/v2\/users\/5"}],"replies":[{"embeddable":true,"href":"https:\/\/aditech.staging1.net\/en\/wp-json\/wp\/v2\/comments?post=4126"}],"version-history":[{"count":35,"href":"https:\/\/aditech.staging1.net\/en\/wp-json\/wp\/v2\/pages\/4126\/revisions"}],"predecessor-version":[{"id":5674,"href":"https:\/\/aditech.staging1.net\/en\/wp-json\/wp\/v2\/pages\/4126\/revisions\/5674"}],"wp:featuredmedia":[{"embeddable":true,"href":"https:\/\/aditech.staging1.net\/en\/wp-json\/wp\/v2\/media\/4138"}],"wp:attachment":[{"href":"https:\/\/aditech.staging1.net\/en\/wp-json\/wp\/v2\/media?parent=4126"}],"wp:term":[{"taxonomy":"category","embeddable":true,"href":"https:\/\/aditech.staging1.net\/en\/wp-json\/wp\/v2\/categories?post=4126"}],"curies":[{"name":"wp","href":"https:\/\/api.w.org\/{rel}","templated":true}]}}